{"id":58,"date":"2025-10-28T04:39:00","date_gmt":"2025-10-28T04:39:00","guid":{"rendered":"https:\/\/hugo-bets.com\/?page_id=58"},"modified":"2026-03-05T12:56:02","modified_gmt":"2026-03-05T12:56:02","slug":"home1","status":"publish","type":"page","link":"https:\/\/hugo-bets.com\/da\/","title":{"rendered":"home1"},"content":{"rendered":"<section class=\"gb-element-c0819d6c banner\">\n<div class=\"gb-element-0659d418\">\n<div class=\"wp-block-columns is-layout-flex wp-container-core-columns-is-layout-9d6595d7 wp-block-columns-is-layout-flex\">\n<div class=\"wp-block-column is-layout-flow wp-block-column-is-layout-flow\">\n<h2 class=\"gb-text gb-text-155ce4c1\">HUGOBETS Casino: velkomstbonus 100% op til 1000 \u20ac + 150 FP<\/h2>\n\n\n\n<p class=\"has-text-align-center has-base-3-color has-text-color has-link-color wp-elements-ae6b84b977c86294194090ae114811e2\"><strong>HugoBets Casino: Online casino med over 9500 spilleautomater og sportsv\u00e6ddem\u00e5l. Registrer dig for at drage fordel af velkomstbonussen<\/strong><\/p>\n\n\n\n<div class=\"wp-block-columns is-layout-flex wp-container-core-columns-is-layout-9d6595d7 wp-block-columns-is-layout-flex\">\n<div class=\"wp-block-column is-layout-flow wp-block-column-is-layout-flow\" style=\"flex-basis:20px\"><\/div>\n\n\n\n<div class=\"wp-block-column is-layout-flow wp-block-column-is-layout-flow\">\n<a class=\"gb-text gb-text-50c1af7c\" href=\"\/da\/play\/\">REGISTRER<\/a>\n<\/div>\n\n\n\n<div class=\"wp-block-column is-layout-flow wp-block-column-is-layout-flow\">\n<a class=\"gb-text gb-text-6d7e1e7e\" href=\"\/da\/play\/\">FORBINDELSE<\/a>\n<\/div>\n\n\n\n<div class=\"wp-block-column is-layout-flow wp-block-column-is-layout-flow\" style=\"flex-basis:20px\"><\/div>\n<\/div>\n<\/div>\n<\/div>\n<\/div>\n<\/section>\n\n\n\n<div>\n<h2 class=\"wp-block-heading\">Hugo Bets Casino: Mytologi, spil og anmeldelser<\/h2>\n\n\n\n<p>Hugo Bets Casino, der er bed\u00f8mt til 4,8\/5 p\u00e5 Trustpilot, forf\u00f8rer med sine no-wager-bonusser og gr\u00e6sk mytologiinspirerede design, men anmeldelserne afsl\u00f8rer en kompleks virkelighed. Mellem popul\u00e6re spil som 'Gates of Olympus', roste sportsv\u00e6ddem\u00e5l og e-sport og til tider hurtige udbetalinger rapporterer brugerne om forsinkelser p\u00e5 op til 17 dage, uberettigede afslag p\u00e5 at betale og endda kontolukninger efter gevinster. Forvirring over licensen (Cura\u00e7ao? Anjouan?) og restriktive udbetalingsgr\u00e6nser giver n\u00e6ring til tvivlen. Mellem attraktiv myte og <strong>Omstridte praksisser<\/strong>Skal man virkelig tage chancen i dette kasino mellem forf\u00f8relse og mist\u00e6nksomhed?<\/p>\n\n\n\n<ol class=\"wp-block-list\">\n<li><a href=\"#bonus-promotions\">Analyse af bonusser og kampagner: Hugo Bets-kasinoets st\u00f8rste aktiv?<\/a><\/li>\n\n\n\n<li><a href=\"#une-ludotheque-variee-mais-une-ergonomie-a-revoir\">Et varieret bibliotek af spil, men ergonomien skal gennemg\u00e5s<\/a><\/li>\n\n\n\n<li><a href=\"#fiabilite-paiements-retraits\">P\u00e5lidelighed, betalinger og udbetalinger: Hugo Bets-kasinoets akillesh\u00e6l<\/a><\/li>\n\n\n\n<li><a href=\"#experience-utilisateur\">Brugeroplevelse og kundeservice: Hvad har gamerne at sige?<\/a><\/li>\n\n\n\n<li><a href=\"#notre-avis-final-sur-Hugo Bets-casino-faut-il-sinscrire\">Vores endelige mening om Hugo Bets casino: b\u00f8r du tilmelde dig?<\/a><\/li>\n<\/ol>\n\n\n\n<h2 class=\"wp-block-heading\">Hugo Bets casino: en delt mening mellem myte og virkelighed<\/h2>\n\n\n\n<p>Hugo Bets onlinekasino er inspireret af det gr\u00e6ske mytologiske univers, der legemligg\u00f8r sk\u00f8nhedens og beg\u00e6rets gudinde. Dets elegante design og flydende navigation er designet til at fange franske spillere. Og alligevel, <strong>Bag dette attraktive billede ligger en kontrastfyldt virkelighed<\/strong>som det fremg\u00e5r af brugeranmeldelserne. Der er brug for en objektiv analyse for at evaluere platformen.<\/p>\n\n\n\n<h3 class=\"wp-block-heading\">En fordybelse i gr\u00e6sk mytologi<\/h3>\n\n\n\n<p>Hugo Bets Casino er inspireret af det gamle Gr\u00e6kenland med et grafisk univers, der er forbundet med Hugo Bets-gudinden. Webstedet tilbyder en moderne, intuitiv gr\u00e6nseflade til problemfri browsing. For eksempel kaster spillet 'Hugo Bets's Fortune' fra Fantasma Games spillerne ind i en guddommelig have, der kombinerer mytologiske symboler og innovativ mekanik. Denne tilgang er rettet mod fans af spilleautomater med tema, samtidig med at den h\u00e6vder, at <strong>platformens unikke identitet<\/strong>.<\/p>\n\n\n\n<h3 class=\"wp-block-heading\">Mellem fristende l\u00f8fter og modsatrettede meninger<\/h3>\n\n\n\n<p>Avec une note moyenne de 4,8\/5 sur Trustpilot (144 avis), <a href=\"https:\/\/casinodracula.fr\/\" target=\"_blank\" rel=\"noopener\">Casino Dracula<\/a> attire par ses bonus g\u00e9n\u00e9reux, ses retraits rapides et sa diversit\u00e9 de jeux (machines \u00e0 sous, live casino, paris sportifs, esports). Cependant, de nombreux retours r\u00e9v\u00e8lent des probl\u00e8mes r\u00e9currents : retards de paiement (jusqu&rsquo;\u00e0 3 semaines), fermetures de comptes apr\u00e8s des gains, et manque de transparence. Certains utilisateurs d\u00e9noncent des pratiques contestables, comme l&rsquo;annulation de gains sous pr\u00e9texte de violations des CGU non justifi\u00e9es. Ces critiques soulignent des <strong>tvivl om p\u00e5lideligheden af Hugo Bets Casino<\/strong>.<\/p>\n\n\n\n<h2 class=\"wp-block-heading\" id=\"bonus-promotions\">Analyse af bonusser og kampagner: Hugo Bets-kasinoets st\u00f8rste aktiv?<\/h2>\n\n\n\n<p>Hugo Bets Casino skiller sig ud for sin <strong>Salgsfremmende tilbud<\/strong>. Son pack de bienvenue, allant jusqu&rsquo;\u00e0 7 000 \u20ac, est r\u00e9parti sur cinq d\u00e9p\u00f4ts avec des bonus de 200 %, 100 %, 100 %, 150 % et 150 %. Des promotions hebdomadaires comme le Medusa Monday (150 %), Wisdom Wednesday (100 %) et Fortune Friday (200 %) attirent r\u00e9guli\u00e8rement les joueurs. Il existe aussi <a href=\"https:\/\/lizaro.net\/\" target=\"_blank\" rel=\"noopener\">Lizaro Casino<\/a> qui est aujourd&rsquo;hui le meilleur casino en ligne.<\/p>\n\n\n\n<h3 class=\"wp-block-heading\" id=\"pack-bienvenue\">Den guddommelige velkomstpakke<\/h3>\n\n\n\n<p>Hugo Bets Casinos f\u00f8rste indbetalingsbonus n\u00e5r 200 % op til \u20ac 500 med en minimumsindbetaling p\u00e5 \u20ac 20. P\u00e5 efterf\u00f8lgende indskud forbliver bonusserne gener\u00f8se med 100 %, 100 %, 150 % og 150 %, i alt op til \u20ac 7.000. If\u00f8lge nogle kilder er disse bonusser <strong>ingen indsatsbetingelser (indsats x0)<\/strong>Det g\u00f8r det nemt at h\u00e6ve gevinster. Andre angiver dog et oms\u00e6tningskrav p\u00e5 25xB, hvilket er almindeligt i branchen.<\/p>\n\n\n\n<h3 class=\"wp-block-heading\" id=\"promotions-regulieres\">Regelm\u00e6ssige kampagner og gratis spins<\/h3>\n\n\n\n<p>Spillere kan drage fordel af ugentlige kampagner: 150 % om mandagen, 100 % om onsdagen og 200 % om fredagen, med lofter p\u00e5 op til \u20ac 2.000. Selvom gratis spins ikke tilbydes direkte, kan de vindes via lotterier eller turneringer. Disse tilbud kombineres med 20 % cashback til VIP'er, <strong>g\u00f8r kasinoet endnu mere attraktivt<\/strong>.<\/p>\n\n\n\n<h3 class=\"wp-block-heading\" id=\"conditions-bonus\">Forhold, der ikke m\u00e5 overses<\/h3>\n\n\n\n<ul class=\"wp-block-list\">\n<li>Velkomstpakken er <strong>fordelt p\u00e5 fem p\u00e5 hinanden f\u00f8lgende depoter<\/strong>.<\/li>\n\n\n\n<li>Nogle kampagner tilbyder x0-indsatsbetingelser, men <strong>De fleste kr\u00e6ver 25xB<\/strong>.<\/li>\n\n\n\n<li><strong>Regelm\u00e6ssige bonusser er tilg\u00e6ngelige<\/strong> Mandage, onsdage og fredage.<\/li>\n\n\n\n<li>Den <strong>Gratis rundvisninger er tilg\u00e6ngelige<\/strong> via turneringer eller lotterier.<\/li>\n<\/ul>\n\n\n\n<p>Bag bonussernes tiltr\u00e6kningskraft g\u00e6lder der betingelser. Daglige (\u20ac1.000) og ugentlige (\u20ac2.000) gr\u00e6nser kan begr\u00e6nse high rollers. Nogle anmeldelser n\u00e6vner udbetalingsforsinkelser eller annullering af gevinster, hvilket understreger vigtigheden af at l\u00e6se vilk\u00e5r og betingelser, f\u00f8r man spiller. P\u00e5 trods af sine l\u00f8fter kr\u00e6ver Hugo Bets Casino <strong>\u00e5rv\u00e5genhed: ansvarligt spil er fortsat vigtigt<\/strong> for at undg\u00e5 ubehagelige overraskelser.<\/p>\n\n\n\n<h2 class=\"wp-block-heading\" id=\"une-ludotheque-variee-mais-une-ergonomie-a-revoir\">Et varieret bibliotek af spil, men ergonomien skal gennemg\u00e5s<\/h2>\n\n\n\n<h3 class=\"wp-block-heading\" id=\"une-offre-de-jeux-complete-casino-live-et-paris-sportifs\">Et komplet udvalg af spil: kasino, live- og sportsv\u00e6ddem\u00e5l<\/h3>\n\n\n\n<p>Bag sit tema inspireret af gr\u00e6sk mytologi tilbyder Hugo Bets Casino <strong>et rigt spilbibliotek<\/strong>. Der er mere end 3.000 klassiske spilleautomater og videoautomater, s\u00e5som Goddess Fortune og Gates of Olympus, ofte fra anerkendte udgivere som Pragmatic Play. Fans af live-spil kan drage fordel af et live-kasino med live-dealere, herunder roulette-, blackjack- og baccarat-borde. Konkurrencefans finder sportsv\u00e6ddem\u00e5l p\u00e5 store discipliner (fodbold, basketball, tennis) og e-sport som League of Legends eller Dota 2. En dynamisk sektion med crash-spil, med titler som Aviator og JetX, fuldender udbuddet og afspejler en ambiti\u00f8s platform for kr\u00e6vende spillere.<\/p>\n\n\n\n<h3 class=\"wp-block-heading\" id=\"le-point-noir-une-navigation-perfectible\">Ulempen: Navigation, der kan forbedres<\/h3>\n\n\n\n<p>P\u00e5 trods af denne overflod sk\u00e6mmes oplevelsen af den kritiserede ergonomi. Brugerne beklager manglen p\u00e5 avancerede s\u00f8gefiltre (efter leverand\u00f8r, volatilitet eller tema) og klare kategorier, hvilket g\u00f8r det vanskeligt at finde specifikke spil. Nogle udtalelser p\u00e5 Trustpilot n\u00e6vner vanskeligheder med at finde deres yndlingstitler eller navigere mellem bordspil og live casino. Selvom der findes en sektion med \"Samlinger\", der grupperer lignende spil, opvejer det ikke manglen p\u00e5 intuitive v\u00e6rkt\u00f8jer. Denne mangel, som ofte fremh\u00e6ves i anmeldelser, forvandler et lovende spilbibliotek til en frustrerende labyrint, is\u00e6r for nybegyndere eller spillere, der har travlt. Forbedring af tilg\u00e6ngeligheden er derfor afg\u00f8rende for at \u00f8ge sidens tiltr\u00e6kningskraft.<\/p>\n\n\n\n<h2 class=\"wp-block-heading\" id=\"fiabilite-paiements-retraits\">P\u00e5lidelighed, betalinger og udbetalinger: Hugo Bets-kasinoets akillesh\u00e6l<\/h2>\n\n\n\n<h3 class=\"wp-block-heading\">Betalingsmetoder og gr\u00e6nser<\/h3>\n\n\n\n<figure class=\"wp-block-table\"><table class=\"has-fixed-layout\"><tbody><tr><th>Funktioner<\/th><th>Information<\/th><th>Punkter at holde \u00f8je med<\/th><\/tr><tr><td>Minimumsindskud<\/td><td>Variabel<\/td><td>Tjek betingelserne for hver metode<\/td><\/tr><tr><td>Betalingsmetoder<\/td><td>Bankkort, e-wallets, kryptovalutaer<\/td><td>Tilg\u00e6ngeligheden kan variere<\/td><\/tr><tr><td>Gr\u00e6nser for tilbagetr\u00e6kning<\/td><td>1000\u20ac\/dag, 2000\u20ac\/uge<\/td><td>Gr\u00e6nser, der anses for at v\u00e6re restriktive og i modstrid med visse p\u00e5stande<\/td><\/tr><tr><td>Licens<\/td><td>Modstridende eller manglende oplysninger (Cura\u00e7ao\/Anjouan\/ Ureguleret)<\/td><td>Mangel p\u00e5 gennemsigtighed i reguleringen<\/td><\/tr><tr><td>Annonceret tilbagetr\u00e6kningsperiode<\/td><td>Hurtig (et par timer)<\/td><td>St\u00e6rkt modsagt af adskillige brugerudtalelser<\/td><\/tr><\/tbody><\/table><\/figure>\n\n\n\n<h3 class=\"wp-block-heading\">Tilbagetr\u00e6kninger: mellem hastighed og alvorlige funktionsfejl<\/h3>\n\n\n\n<p>Feedback om udbetalinger p\u00e5 Hugo Bets Casino er som f\u00f8lger <strong>ekstremt kontrasterende<\/strong>. Nogle brugere rapporterer om meget hurtige udbetalinger, nogle gange p\u00e5 mindre end to timer, hvilket bekr\u00e6fter de tider, der er annonceret af platformen. Tilfredse spillere har endda rapporteret om overf\u00f8rsler p\u00e5 f\u00e5 minutter via visse e-wallets.<\/p>\n\n\n\n<p>Men et stort antal spillere klager over <strong>alvorlige abstinensproblemer<\/strong>. Der rapporteres regelm\u00e6ssigt om betydelige forsinkelser, op til 9 dage eller endda 3 uger uden et klart svar. Flere brugere rapporterer, at udbetalingsanmodninger er blevet annulleret uden forklaring, eller at betalinger er blevet afvist p\u00e5 trods af identitetsbekr\u00e6ftelse. Der rapporteres ofte om tilf\u00e6lde, hvor gevinster er blevet annulleret efter en indbetaling og store gevinster, og hvor konti er blevet lukket under p\u00e5skud af at have overtr\u00e5dt vilk\u00e5rene uden begrundelse.<\/p>\n\n\n\n<p>De mest alvorlige beskyldninger involverede konfiskation af gevinster under p\u00e5skud af brud p\u00e5 de generelle vilk\u00e5r og betingelser uden nogen specifik begrundelse. Nogle vidner <strong>direkte beskrive Hugo Bets Casino som et \"scam\" eller \"swindle\".<\/strong>der beskriver tvivlsom kommerciel praksis. Brugere er blevet kontaktet for at slette deres negative anmeldelser til geng\u00e6ld for penge, hvilket rejser tvivl om platformens p\u00e5lidelighed.<\/p>\n\n\n\n<h3 class=\"wp-block-heading\" id=\"licence-regulation\">Licensering og regulering: en bekymrende mangel p\u00e5 gennemsigtighed<\/h3>\n\n\n\n<p>En af de st\u00f8rste bekymringer vedr\u00f8rende Hugo Bets Casino er manglen p\u00e5 gennemsigtighed med hensyn til dets regulering. Modstridende rapporter indikerer en potentiel Cura\u00e7ao-licens, men der gives ingen klare beviser. Nogle anmeldelser n\u00e6vner endda et ureguleret kloncasino, hvilket giver anledning til en r\u00e6kke bekymringer. <strong>alvorlige sp\u00f8rgsm\u00e5l om dens lovlighed<\/strong>.<\/p>\n\n\n\n<p>Denne uklarhed i lovgivningen betyder, at spillerne har <strong>f\u00e5 eller ingen klagemuligheder i tilf\u00e6lde af en tvist<\/strong>. Frav\u00e6ret af en revision fra et uafh\u00e6ngigt agentur og den ukendte identitet af ejeren forst\u00e6rker denne mistillid. Denne uigennemsigtige ramme g\u00f8r det vanskeligt at vurdere sikkerheden for midler og brugernes personlige data. Selv om Cura\u00e7ao-licensen giver et minimum af legitimitet, stiller den ikke de samme strenge krav som europ\u00e6iske tilsynsmyndigheder som MGA eller UKGC.<\/p>\n\n\n\n<h2 class=\"wp-block-heading\" id=\"experience-utilisateur\">Brugeroplevelse og kundeservice: Hvad har gamerne at sige?<\/h2>\n\n\n\n<h3 class=\"wp-block-heading\">Et popul\u00e6rt design og en popul\u00e6r platform<\/h3>\n\n\n\n<p>Hugo Bets Casino bliver ofte rost for sin <strong>moderne, elegant brugerflade<\/strong>. Spillerne beskriver designet som \"flydende og ubesv\u00e6ret\" eller \"betagende\" med attraktiv grafik og intuitiv navigation. Platformen siges at v\u00e6re stabil og uden forsinkelser, s\u00e5 spillene indl\u00e6ses hurtigt. Mobilapplikationen, der er tilg\u00e6ngelig p\u00e5 Android og iOS, roses ogs\u00e5 for sin responsivitet.<\/p>\n\n\n\n<p>En bruger forklarer: <em>\"Det overordnede design er bare wow, og udbetalingerne er ekstremt hurtige.\"<\/em> En anden tilf\u00f8jer: <em>\"Stedet er rent, <strong>Bonusserne er gener\u00f8se, og betalingerne var hurtige.<\/strong>. \"<\/em><\/p>\n\n\n\n<h3 class=\"wp-block-heading\">Kundesupport: lydh\u00f8r, men h\u00e5ndterer komplekse problemer<\/h3>\n\n\n\n<p>Hugo Bets Casinos kundeservice er tilg\u00e6ngelig 24 timer i d\u00f8gnet via chat og e-mail og beskrives ofte som <em>\"Meget hurtig og nyttig\".<\/em>. Mange anmeldelser fremh\u00e6ver dog begr\u00e6nsninger: svar p\u00e5 tilbagetr\u00e6kningsproblemer anses for at v\u00e6re generiske, hvilket sender brugerne tilbage til e-mailen uden en klar l\u00f8sning. P\u00e5 Trustpilot, <strong>53 % af udtalelserne er negative<\/strong>Det skyldes prim\u00e6rt forsinkelser i udbetalinger eller uforklarlige kontolukninger.<\/p>\n\n\n\n<ul class=\"wp-block-list\">\n<li><strong>H\u00f8jdepunkter<\/strong> : P\u00e6nt design, stabil platform, responsiv 24\/7 kundesupport, attraktive bonusser uden indsats.<\/li>\n\n\n\n<li><strong>Svage punkter<\/strong> Kritiske udbetalingsproblemer, manglende gennemsigtighed om licensen, restriktive udbetalingsgr\u00e6nser, sv\u00e6rt at navigere i spilbiblioteket.<\/li>\n<\/ul>\n\n\n\n<p>En spiller vidner: <em>\"Live-chatten er lydh\u00f8r. Jeg vil anbefale den.\"<\/em> P\u00e5 den anden side ford\u00f8mmer en anden : <em>\"Efter 10 dage stjal de mine penge!\"<\/em> Disse kontraster illustrerer en kundeservice, der fungerer godt i teorien, men som st\u00e5r over for <strong>Store fejl i komplekse sager<\/strong>.<\/p>\n\n\n\n<h2 class=\"wp-block-heading\" id=\"notre-avis-final-sur-Hugo Bets-casino-faut-il-sinscrire\">Vores endelige mening om Hugo Bets casino: b\u00f8r du tilmelde dig?<\/h2>\n\n\n\n<h3 class=\"wp-block-heading\">Resum\u00e9: Et kasino med to ansigter<\/h3>\n\n\n\n<p><strong>Hugo Bets Casino tilbyder en visuelt tiltalende oplevelse<\/strong>med et tema inspireret af gr\u00e6sk mytologi og en ergonomisk gr\u00e6nseflade. Spillere nyder godt af en bred vifte af spil (slots, live casino, sportsv\u00e6ddem\u00e5l og e-sport), attraktive bonusser (200% velkomstbonus, gratis spins uden oms\u00e6tningskrav if\u00f8lge nogle kilder) og lydh\u00f8r kundeservice.<\/p>\n\n\n\n<p>Tilbagevendende kritik af Trustpilot (gennemsnitlig vurdering p\u00e5 2,9\/5 med 53% negative anmeldelser) rejser imidlertid store risici: udbetalingsforsinkelser (op til 17 dage), konti lukket efter gevinster og manglende gennemsigtighed i licensen (Cura\u00e7ao, men ejer ikke oplyst). Disse faktorer rangerer <strong>Hugo Bets Casino som en h\u00f8jrisikoplatform<\/strong>p\u00e5 trods af dens styrker.<\/p>\n\n\n\n<h3 class=\"wp-block-heading\">Vigtigheden af ansvarligt spil<\/h3>\n\n\n\n<p>For enhver platform, og endnu mere for Hugo Bets Casino, er det vigtigt at indf\u00f8re en <strong>Ansvarlig tilgang er afg\u00f8rende<\/strong>. Her er nogle vigtige anbefalinger:<\/p>\n\n\n\n<ul class=\"wp-block-list\">\n<li>Indstil dig selv <strong>klare gr\u00e6nser for indskud og spilletid<\/strong>.<\/li>\n\n\n\n<li>Spil aldrig <strong>penge, du ikke har r\u00e5d til at miste<\/strong>.<\/li>\n\n\n\n<li><strong>V\u00e6r opm\u00e6rksom p\u00e5 risiciene<\/strong>Is\u00e6r p\u00e5 en platform, hvor der er s\u00e5 delte meninger om betalinger.<\/li>\n\n\n\n<li>T\u00f8v ikke med at <strong>bede om hj\u00e6lp, hvis spillet bliver et problem<\/strong>.<\/li>\n<\/ul>\n\n\n\n<p>De gener\u00f8se bonusser og hurtige gevinster, som nogle brugere beskriver, b\u00f8r ikke skjule en realitet: Pengesikkerheden og p\u00e5lideligheden af udbetalinger skal forblive absolutte prioriteter. Hvis du er i tvivl, skal du v\u00e6lge bedre regulerede alternativer. Hugo Bets Casino illustrerer et tilf\u00e6lde, hvor <strong>lokkemidlet profit kan skjule mindre betryggende praksisser<\/strong>.<br>Hugo Bets Casino forf\u00f8rt af <strong>dets mytologiske tema, indsatsfri ekstramateriale og varierede spilbibliotek<\/strong>. Men forsinkelser i udbetalinger, <strong>lovgivningsm\u00e6ssig usikkerhed og beskyldninger om svindel giver anledning til bekymring<\/strong>. Hvis gr\u00e6nsefladen er behagelig, <strong>P\u00e5lideligheden er stadig tvivlsom<\/strong>. V\u00e6r forsigtig, s\u00e6t strenge gr\u00e6nser, og v\u00e6lg <strong>gennemsigtige og regulerede platforme<\/strong>.<\/p>\n\n\n\n<h2 class=\"wp-block-heading\">OFTE STILLEDE SP\u00d8RGSM\u00c5L<\/h2>\n\n\n\n<h3 class=\"wp-block-heading\">Hvilket onlinekasino tilbyder de bedste bel\u00f8nninger?<\/h3>\n\n\n\n<p>Hugo Bets Casino tilbyder <strong>attraktive bonusser, herunder en velkomstpakke<\/strong> op til \u20ac 5.000 og regelm\u00e6ssige kampagner som f.eks. gratis spins. Det er dog ikke alt sammen sjov og ballade, <strong>Forholdene varierer<\/strong> Nogle kilder n\u00e6vner en indsats p\u00e5 25x, andre en x0 eller x1. P\u00e5 trods af disse fordele, <strong>Meningerne er delte<\/strong>. Mens nogle brugere peger p\u00e5 hurtige udbetalinger, klager et stort antal over, at <strong>lange forsinkelser (op til 3 uger)<\/strong> eller n\u00e6gtede at betale. P\u00e5lidelighed er derfor fortsat et kritisk punkt, der skal vurderes, f\u00f8r man forpligter sig.<\/p>\n\n\n\n<h3 class=\"wp-block-heading\">Hvad er det \u00e6ldste landbaserede casino i verden?<\/h3>\n\n\n\n<p>Hugo Bets Casino blev lanceret i 2025, <strong>er ikke den \u00e6ldste<\/strong>. Denne titel g\u00e5r generelt til <strong>Casino di Venezia (Italien, 1638) eller Casino de Spa<\/strong> (Belgien, 1740). Online kasinoer, <strong>opstod i 1990'erne<\/strong>. Selv om Hugo Bets er ny, skiller den sig ud med sit tema inspireret af gr\u00e6sk mytologi, men dens unge alder og kontroverserne omkring dens udbetalinger begr\u00e6nser dens historiske anciennitet.<\/p>\n\n\n\n<h3 class=\"wp-block-heading\">Hvilket spil giver de bedste chancer for at vinde p\u00e5 kasinoet?<\/h3>\n\n\n\n<p>Spilleautomater med en h\u00f8j udbetalingsrate (RTP), som f.eks. \"Goddess Fortune\" eller \"Gates of Olympus\". <strong>er popul\u00e6re hos Hugo Bets<\/strong>. Spil med lav volatilitet, s\u00e5som blackjack eller europ\u00e6isk roulette, giver statistisk set f\u00f8lgende fordele <strong>flere chancer for at vinde<\/strong>. Men live casinospil (roulette eller baccarat) <strong>tiltr\u00e6kke spillere p\u00e5 trods af begr\u00e6nsede bidrag til indsatsbetingelserne<\/strong> bonusser. I tilf\u00e6lde af gevinster skal du kontrollere udbetalingsgr\u00e6nserne (\u20ac 1.000\/dag) og eventuelle kontoblokeringer, der er rapporteret af visse brugere.<\/p>\n\n\n\n<h3 class=\"wp-block-heading\">Findes der en spilleautomat, der garanterer gevinster?<\/h3>\n\n\n\n<p><strong>Ingen spilleautomat garanterer gevinster<\/strong>Resultaterne er tilf\u00e6ldige. Hugo Bets Casino tilbyder spil med h\u00f8j volatilitet s\u00e5som 'Gates of Olympus', der tilbyder <strong>betydelige, men sj\u00e6ldne gevinster<\/strong>. Live-spil eller muligheder med <strong>RTP st\u00f8rre end 96 %<\/strong> (s\u00e5som visse Pragmatic Play-titler) foretr\u00e6kkes ofte. Spillere b\u00f8r dog v\u00e6re opm\u00e6rksomme: Der er rapporteret om forsinkelser i udbetalinger og annulleringer af gevinster, is\u00e6r hvor identitetsverificering (KYC) er langvarig eller ufuldst\u00e6ndig.<\/p>\n\n\n\n<h3 class=\"wp-block-heading\">Hvilket online skrabespil skal jeg v\u00e6lge i 2025?<\/h3>\n\n\n\n<p>Instant Win\" online skrabelodsspil <strong>med en h\u00f8j RTP (over 95 %) anbefales<\/strong>. Hos Hugo Bets inkluderer de regelm\u00e6ssige bonusser (mandage, onsdage og fredage) ofte gratis spins, men <strong>V\u00e6r opm\u00e6rksom p\u00e5 indsatsbetingelserne (op til 55x)<\/strong>. Spillere b\u00f8r v\u00e6lge spil, der er certificeret som fair, og tjekke de seneste anmeldelser, da nogle rapporter indikerer problemer med at indl\u00f8se gevinster, selv p\u00e5 skrabelodder.<\/p>\n\n\n\n<h3 class=\"wp-block-heading\">Betaler onlinekasinoer som Hugo Bets virkelig?<\/h3>\n\n\n\n<p><strong>Hugo Bets Casino illustrerer kompleksiteten<\/strong> om dette sp\u00f8rgsm\u00e5l. Nogle anmeldelser p\u00e5 Trustpilot (bed\u00f8mt 4.8\/5) n\u00e6vner hurtige udbetalinger, men andre (bed\u00f8mt 2.9\/5) <strong>rapportere forsinkelser p\u00e5 flere uger, betalingsafvisninger eller lukkede konti<\/strong> Efter gevinster. Betalingsmetoder inkluderer kryptovalutaer og bankkort, men gr\u00e6nser p\u00e5 \u20ac 1.000\/dag <strong>kan frustrere store spillere<\/strong>. I tilf\u00e6lde af et problem er supporten lydh\u00f8r, men dens generiske svar l\u00f8ser ikke altid tvister.<\/p>\n\n\n\n<h3 class=\"wp-block-heading\">Er nogen spillere blevet rige takket v\u00e6re Hugo Bets?<\/h3>\n\n\n\n<p>Onlineudtalelser handler om engangsgevinster p\u00e5 spilleautomater eller live-spil, men der er mere i det end det. <strong>Succeshistorier er sj\u00e6ldne og ikke garanterede<\/strong>. P\u00e5 den anden side har flere brugere delt <strong>negative oplevelser<\/strong> Med andre ord: Gevinster annulleres, udbetalinger afvises efter verificering, eller konti blokeres uden forklaring. En anmeldelse af Trustpilot <strong>Han beskyldte endda kasinoet for at \"stj\u00e6le penge\".<\/strong>. Gener\u00f8se bonusser d\u00e6kker nogle gange over administrative forhindringer, der komplicerer opkr\u00e6vningen.<\/p>\n\n\n\n<h3 class=\"wp-block-heading\">Hvilket er det mindste fysiske kasino i Frankrig?<\/h3>\n\n\n\n<p>Hugo Bets Casino er et <strong>online platform<\/strong> ikke en landbaseret virksomhed. I Frankrig kunne det mindste kasino v\u00e6re Le Casino de Paris, men <strong>Det afh\u00e6nger af kriterierne<\/strong> (antal maskiner eller overfladeareal). Onlinekasinoer som Hugo Bets er attraktive p\u00e5 grund af deres tilg\u00e6ngelighed, men spillere b\u00f8r v\u00e6re forsigtige: regulering fra Cura\u00e7ao garanterer ikke den samme beskyttelse som en streng europ\u00e6isk licens, is\u00e6r i tilf\u00e6lde af en tvist.<\/p>\n\n\n\n<h3 class=\"wp-block-heading\">Hvad er det bedste online casino i 2025?<\/h3>\n\n\n\n<p>Hugo Bets Casino har et elegant design, <strong>et bibliotek med 3.000 spil og attraktive bonusser uden indsats<\/strong>. Men dens <strong>omd\u00f8mmet er plettet<\/strong> af beskyldninger om manglende betaling, manglende gennemsigtighed med hensyn til regulering (Cura\u00e7ao) og restriktive udbetalingsgr\u00e6nser. De bedste onlinekasinoer kombinerer <strong>Gener\u00f8se tilbud, p\u00e5lidelige udbetalinger og streng regulering<\/strong> (som en Arjel-licens i Frankrig). Hugo Bets p\u00e5 trods af sine styrker, <strong>er stadig et risikabelt valg<\/strong> for de store spillere.<\/p>\n<\/div>","protected":false},"excerpt":{"rendered":"<p>HUGOBETS Casino : bonus de bienvenue 100% jusqu\u2019a 1000\u20ac + 150 FP HugoBets Casino : Casino en ligne avec plus de 9500 machines \u00e0 sous et paris sportifs. Inscrivez-vous pour profiter du bonus de bienvenue S&rsquo;INSCRIRE SE CONNECTER Hugo Bets Casino : Mythologie, Jeux et Avis Partag\u00e9s Hugo Bets Casino, not\u00e9 4,8\/5 sur Trustpilot, s\u00e9duit &#8230; <a title=\"home1\" class=\"read-more\" href=\"https:\/\/hugo-bets.com\/da\/\" aria-label=\"Read more about home1\">L\u00e6s Mere<\/a><\/p>","protected":false},"author":1,"featured_media":0,"parent":0,"menu_order":0,"comment_status":"closed","ping_status":"closed","template":"","meta":{"footnotes":""},"class_list":["post-58","page","type-page","status-publish"],"_links":{"self":[{"href":"https:\/\/hugo-bets.com\/da\/wp-json\/wp\/v2\/pages\/58","targetHints":{"allow":["GET"]}}],"collection":[{"href":"https:\/\/hugo-bets.com\/da\/wp-json\/wp\/v2\/pages"}],"about":[{"href":"https:\/\/hugo-bets.com\/da\/wp-json\/wp\/v2\/types\/page"}],"author":[{"embeddable":true,"href":"https:\/\/hugo-bets.com\/da\/wp-json\/wp\/v2\/users\/1"}],"replies":[{"embeddable":true,"href":"https:\/\/hugo-bets.com\/da\/wp-json\/wp\/v2\/comments?post=58"}],"version-history":[{"count":55,"href":"https:\/\/hugo-bets.com\/da\/wp-json\/wp\/v2\/pages\/58\/revisions"}],"predecessor-version":[{"id":245,"href":"https:\/\/hugo-bets.com\/da\/wp-json\/wp\/v2\/pages\/58\/revisions\/245"}],"wp:attachment":[{"href":"https:\/\/hugo-bets.com\/da\/wp-json\/wp\/v2\/media?parent=58"}],"curies":[{"name":"wp","href":"https:\/\/api.w.org\/{rel}","templated":true}]}}