{"id":58,"date":"2025-10-28T04:39:00","date_gmt":"2025-10-28T04:39:00","guid":{"rendered":"https:\/\/hugo-bets.com\/?page_id=58"},"modified":"2026-03-05T12:56:02","modified_gmt":"2026-03-05T12:56:02","slug":"home1","status":"publish","type":"page","link":"https:\/\/hugo-bets.com\/nl\/","title":{"rendered":"home1"},"content":{"rendered":"<section class=\"gb-element-c0819d6c banner\">\n<div class=\"gb-element-0659d418\">\n<div class=\"wp-block-columns is-layout-flex wp-container-core-columns-is-layout-9d6595d7 wp-block-columns-is-layout-flex\">\n<div class=\"wp-block-column is-layout-flow wp-block-column-is-layout-flow\">\n<h2 class=\"gb-text gb-text-155ce4c1\">HUGOBETS Casino : welkomstbonus 100% tot 1000\u20ac + 150 FP<\/h2>\n\n\n\n<p class=\"has-text-align-center has-base-3-color has-text-color has-link-color wp-elements-ae6b84b977c86294194090ae114811e2\"><strong>HugoBets Casino : Online casino met meer dan 9500 gokkasten en sportweddenschappen. Registreer om te profiteren van de welkomstbonus<\/strong><\/p>\n\n\n\n<div class=\"wp-block-columns is-layout-flex wp-container-core-columns-is-layout-9d6595d7 wp-block-columns-is-layout-flex\">\n<div class=\"wp-block-column is-layout-flow wp-block-column-is-layout-flow\" style=\"flex-basis:20px\"><\/div>\n\n\n\n<div class=\"wp-block-column is-layout-flow wp-block-column-is-layout-flow\">\n<a class=\"gb-text gb-text-50c1af7c\" href=\"\/nl\/play\/\">REGISTER<\/a>\n<\/div>\n\n\n\n<div class=\"wp-block-column is-layout-flow wp-block-column-is-layout-flow\">\n<a class=\"gb-text gb-text-6d7e1e7e\" href=\"\/nl\/play\/\">VERBINDEN<\/a>\n<\/div>\n\n\n\n<div class=\"wp-block-column is-layout-flow wp-block-column-is-layout-flow\" style=\"flex-basis:20px\"><\/div>\n<\/div>\n<\/div>\n<\/div>\n<\/div>\n<\/section>\n\n\n\n<div>\n<h2 class=\"wp-block-heading\">Hugo Bets Casino : Mythologie, Spellen en Recensies<\/h2>\n\n\n\n<p>Hugo Bets Casino, met een beoordeling van 4,8\/5 op Trustpilot, verleidt met zijn no-wager bonussen en zijn design ge\u00efnspireerd door de Griekse mythologie, maar de recensies onthullen een complexe realiteit. Tussen populaire spellen zoals 'Gates of Olympus', geprezen sportweddenschappen en esports, en soms snelle opnames, melden gebruikers vertragingen tot 17 dagen, onterechte weigeringen om uit te betalen en zelfs het afsluiten van accounts na winsten. Verwarring over de licentie (Cura\u00e7ao? Anjouan?) en restrictieve opnamelimieten voeden de twijfels. Tussen aantrekkelijke mythe en <strong>omstreden praktijken<\/strong>Moet je echt een kans wagen in dit casino dat verdeeld is tussen verleiding en verdenking?<\/p>\n\n\n\n<ol class=\"wp-block-list\">\n<li><a href=\"#bonus-promotions\">Analyse van bonussen en promoties: het grote voordeel van Hugo Bets casino?<\/a><\/li>\n\n\n\n<li><a href=\"#une-ludotheque-variee-mais-une-ergonomie-a-revoir\">Een gevarieerde spelbibliotheek, maar de ergonomie moet worden herzien<\/a><\/li>\n\n\n\n<li><a href=\"#fiabilite-paiements-retraits\">Betrouwbaarheid, betalingen en uitbetalingen: de achilleshiel van Hugo Bets casino<\/a><\/li>\n\n\n\n<li><a href=\"#experience-utilisateur\">Gebruikerservaring en klantenservice: wat hebben gamers te zeggen?<\/a><\/li>\n\n\n\n<li><a href=\"#notre-avis-final-sur-Hugo Bets-casino-faut-il-sinscrire\">Onze laatste mening over Hugo Bets casino: moet je je aanmelden?<\/a><\/li>\n<\/ol>\n\n\n\n<h2 class=\"wp-block-heading\">Hugo Bets casino: een gespleten mening tussen mythe en werkelijkheid<\/h2>\n\n\n\n<p>Hugo Bets online casino is ge\u00efnspireerd door het Griekse mythologische universum en belichaamt de godin van schoonheid en verlangen. Het elegante design en de vloeiende navigatie zijn ontworpen om Franse spelers te boeien. En toch, <strong>achter dit aantrekkelijke beeld schuilt een contrasterende realiteit<\/strong>zoals blijkt uit de gebruikersbeoordelingen. Er is een objectieve analyse nodig om het platform te evalueren.<\/p>\n\n\n\n<h3 class=\"wp-block-heading\">Een onderdompeling in de Griekse mythologie<\/h3>\n\n\n\n<p>Hugo Bets Casino haalt zijn inspiratie uit het oude Griekenland, met een grafisch universum dat geassocieerd wordt met de Hugo Bets godin. De site biedt een moderne, intu\u00eftieve interface voor soepel browsen. Het spel 'Hugo Bets's Fortune' van Fantasma Games dompelt spelers bijvoorbeeld onder in een goddelijke tuin en combineert mythologische symbolen met innovatieve mechanics. Deze benadering richt zich op fans van thematische slotspellen en beweert dat <strong>de unieke identiteit van het platform<\/strong>.<\/p>\n\n\n\n<h3 class=\"wp-block-heading\">Tussen prikkelende beloften en contrasterende meningen<\/h3>\n\n\n\n<p>Avec une note moyenne de 4,8\/5 sur Trustpilot (144 avis), <a href=\"https:\/\/casinodracula.fr\/\" target=\"_blank\" rel=\"noopener\">Casino Dracula<\/a> attire par ses bonus g\u00e9n\u00e9reux, ses retraits rapides et sa diversit\u00e9 de jeux (machines \u00e0 sous, live casino, paris sportifs, esports). Cependant, de nombreux retours r\u00e9v\u00e8lent des probl\u00e8mes r\u00e9currents : retards de paiement (jusqu&rsquo;\u00e0 3 semaines), fermetures de comptes apr\u00e8s des gains, et manque de transparence. Certains utilisateurs d\u00e9noncent des pratiques contestables, comme l&rsquo;annulation de gains sous pr\u00e9texte de violations des CGU non justifi\u00e9es. Ces critiques soulignent des <strong>twijfels over de betrouwbaarheid van Hugo Bets Casino<\/strong>.<\/p>\n\n\n\n<h2 class=\"wp-block-heading\" id=\"bonus-promotions\">Analyse van bonussen en promoties: het grote voordeel van Hugo Bets casino?<\/h2>\n\n\n\n<p>Hugo Bets Casino onderscheidt zich door zijn <strong>promotionele aanbiedingen<\/strong>. Son pack de bienvenue, allant jusqu&rsquo;\u00e0 7 000 \u20ac, est r\u00e9parti sur cinq d\u00e9p\u00f4ts avec des bonus de 200 %, 100 %, 100 %, 150 % et 150 %. Des promotions hebdomadaires comme le Medusa Monday (150 %), Wisdom Wednesday (100 %) et Fortune Friday (200 %) attirent r\u00e9guli\u00e8rement les joueurs. Il existe aussi <a href=\"https:\/\/lizaro.net\/\" target=\"_blank\" rel=\"noopener\">Lizaro Casino<\/a> qui est aujourd&rsquo;hui le meilleur casino en ligne.<\/p>\n\n\n\n<h3 class=\"wp-block-heading\" id=\"pack-bienvenue\">Het goddelijke welkomstpakket<\/h3>\n\n\n\n<p>Hugo Bets Casino's eerste stortingsbonus bereikt 200 % tot \u20ac500 met een minimale storting van \u20ac20. Bij volgende stortingen blijven de bonussen genereus met 100 %, 100 %, 150 % en 150 %, met een totaal tot \u20ac7.000. Volgens sommige bronnen zijn deze bonussen <strong>geen inzetvoorwaarde (inzet x0)<\/strong>Dit maakt het gemakkelijk om winsten op te nemen. Anderen geven echter een 25xB inzetvereiste aan, wat gebruikelijk is in de industrie.<\/p>\n\n\n\n<h3 class=\"wp-block-heading\" id=\"promotions-regulieres\">Regelmatige promoties en gratis spins<\/h3>\n\n\n\n<p>Spelers kunnen profiteren van wekelijkse promoties: 150 % op maandag, 100 % op woensdag en 200 % op vrijdag, met maxima tot \u20ac 2000. Hoewel gratis spins niet direct worden aangeboden, kunnen ze worden gewonnen via loterijen of toernooien. Deze aanbiedingen worden gecombineerd met 20 % cashback voor VIP's, <strong>het casino nog aantrekkelijker maken<\/strong>.<\/p>\n\n\n\n<h3 class=\"wp-block-heading\" id=\"conditions-bonus\">Voorwaarden die niet over het hoofd mogen worden gezien<\/h3>\n\n\n\n<ul class=\"wp-block-list\">\n<li>Het welkomstpakket is <strong>verspreid over vijf opeenvolgende depots<\/strong>.<\/li>\n\n\n\n<li>Sommige promoties bieden x0 inzetvoorwaarden, maar <strong>de meeste vereisen 25xB<\/strong>.<\/li>\n\n\n\n<li><strong>Er zijn regelmatig bonussen beschikbaar<\/strong> Maandag, woensdag en vrijdag.<\/li>\n\n\n\n<li>De <strong>gratis rondleidingen beschikbaar<\/strong> via toernooien of loterijen.<\/li>\n<\/ul>\n\n\n\n<p>Achter de aantrekkelijkheid van de bonussen gaan voorwaarden schuil. Dagelijkse (\u20ac1.000) en wekelijkse (\u20ac2.000) limieten kunnen high rollers beperken. In sommige recensies wordt melding gemaakt van vertragingen bij opnames of annuleringen van winsten, wat het belang onderstreept van het lezen van de voorwaarden voordat je gaat spelen. Ondanks de beloften vereist Hugo Bets Casino <strong>waakzaamheid: verantwoord gokken blijft essentieel<\/strong> om onaangename verrassingen te voorkomen.<\/p>\n\n\n\n<h2 class=\"wp-block-heading\" id=\"une-ludotheque-variee-mais-une-ergonomie-a-revoir\">Een gevarieerde spelbibliotheek, maar de ergonomie moet worden herzien<\/h2>\n\n\n\n<h3 class=\"wp-block-heading\" id=\"une-offre-de-jeux-complete-casino-live-et-paris-sportifs\">Een compleet spelaanbod: casino, live en sportweddenschappen<\/h3>\n\n\n\n<p>Achter het thema ge\u00efnspireerd door de Griekse mythologie, biedt Hugo Bets Casino <strong>een rijke spelbibliotheek<\/strong>. Er zijn meer dan 3000 klassieke en videospeelautomaten, zoals Goddess Fortune of Gates of Olympus, beschikbaar, vaak van gerenommeerde uitgevers zoals Pragmatic Play. Fans van live games kunnen gebruik maken van een live casino met live dealers, waaronder roulette, blackjack en baccarat tafels. Wedstrijdfans vinden hier sportweddenschappen op grote disciplines (voetbal, basketbal, tennis) en esports zoals League of Legends of Dota 2. Een dynamische sectie met crashgames, met titels als Aviator en JetX, maakt het aanbod compleet en weerspiegelt een ambitieus platform voor veeleisende spelers.<\/p>\n\n\n\n<h3 class=\"wp-block-heading\" id=\"le-point-noir-une-navigation-perfectible\">Het nadeel: navigatie die voor verbetering vatbaar is<\/h3>\n\n\n\n<p>Ondanks deze overvloed wordt de ervaring ontsierd door kritiek op de ergonomie. Gebruikers betreuren het gebrek aan geavanceerde zoekfilters (op leverancier, volatiliteit of thema) en duidelijke categorie\u00ebn, waardoor het moeilijk is om specifieke spellen te vinden. Sommige getuigenissen op Trustpilot vermelden problemen bij het vinden van hun favoriete titels of bij het navigeren tussen tafelspellen en het live casino. Hoewel er een 'Collections' sectie bestaat om gelijkaardige spellen te groeperen, maakt dit het gebrek aan intu\u00eftieve tools niet goed. Deze tekortkoming, die vaak wordt benadrukt in recensies, verandert een veelbelovende spelbibliotheek in een frustrerend doolhof, vooral voor nieuwelingen of spelers met haast. Het verbeteren van de toegankelijkheid is daarom cruciaal om de aantrekkingskracht van de site te vergroten.<\/p>\n\n\n\n<h2 class=\"wp-block-heading\" id=\"fiabilite-paiements-retraits\">Betrouwbaarheid, betalingen en uitbetalingen: de achilleshiel van Hugo Bets casino<\/h2>\n\n\n\n<h3 class=\"wp-block-heading\">Betaalmethoden en limieten<\/h3>\n\n\n\n<figure class=\"wp-block-table\"><table class=\"has-fixed-layout\"><tbody><tr><th>Kenmerken<\/th><th>Informatie<\/th><th>Punten om in de gaten te houden<\/th><\/tr><tr><td>Minimum storting<\/td><td>Variabele<\/td><td>Controleer de voorwaarden voor elke methode<\/td><\/tr><tr><td>Betaalmethoden<\/td><td>Bankkaarten, e-wallets, cryptocurrencies<\/td><td>Beschikbaarheid kan vari\u00ebren<\/td><\/tr><tr><td>Opnamelimieten<\/td><td>1000\u20ac\/dag, 2000\u20ac\/week<\/td><td>Beperkingen die als beperkend en tegenstrijdig met bepaalde beweringen worden beschouwd<\/td><\/tr><tr><td>Licentie<\/td><td>Tegenstrijdige of ontbrekende informatie (Cura\u00e7ao\/Anjouan\/Unregulated)<\/td><td>Gebrek aan transparantie in de regelgeving<\/td><\/tr><tr><td>Aangekondigde terugtrekkingsperiode<\/td><td>Snel (enkele uren)<\/td><td>Sterk tegengesproken door talloze gebruikerservaringen<\/td><\/tr><\/tbody><\/table><\/figure>\n\n\n\n<h3 class=\"wp-block-heading\">Terugtrekkingen: tussen snelheid en ernstige storingen<\/h3>\n\n\n\n<p>Feedback over uitbetalingen bij Hugo Bets Casino is als volgt <strong>extreem contrasterend<\/strong>. Sommige gebruikers melden zeer snelle opnames, soms in minder dan twee uur, wat de tijden bevestigt die door het platform worden aangekondigd. Tevreden spelers melden zelfs overschrijvingen binnen enkele minuten via bepaalde e-wallets.<\/p>\n\n\n\n<p>Een aanzienlijk aantal spelers klaagt echter over <strong>ernstige ontwenningsproblemen<\/strong>. Er worden regelmatig aanzienlijke vertragingen gemeld, tot 9 dagen of zelfs 3 weken zonder duidelijk antwoord. Verschillende gebruikers melden dat opnameverzoeken zonder uitleg worden geannuleerd of dat betalingen worden geweigerd ondanks het feit dat de identiteit werd geverifieerd. Er worden regelmatig gevallen gemeld van winsten die worden geannuleerd na een storting en grote winsten, waarbij accounts worden gesloten onder het voorwendsel van het schenden van de AV zonder rechtvaardiging.<\/p>\n\n\n\n<p>De ernstigste beschuldigingen betroffen de inbeslagname van winsten onder het voorwendsel van het overtreden van de algemene voorwaarden, zonder specifieke rechtvaardiging. Sommige getuigen <strong>beschrijven Hugo Bets Casino direct als een \"oplichterij\" of \"zwendel\".<\/strong>waarin dubieuze commerci\u00eble praktijken worden beschreven. Gebruikers zijn benaderd om hun negatieve beoordelingen te verwijderen in ruil voor geld, wat twijfels oproept over de betrouwbaarheid van het platform.<\/p>\n\n\n\n<h3 class=\"wp-block-heading\" id=\"licence-regulation\">Vergunningverlening en regulering: een zorgwekkend gebrek aan transparantie<\/h3>\n\n\n\n<p>Een van de grootste zorgen over Hugo Bets Casino is het gebrek aan transparantie over de regelgeving. Tegenstrijdige rapporten wijzen op een mogelijke Cura\u00e7aose licentie, maar er wordt geen duidelijk bewijs geleverd. Sommige recensies maken zelfs melding van een ongereguleerd klooncasino, wat een aantal zorgen oproept. <strong>ernstige vragen over de wettelijkheid<\/strong>.<\/p>\n\n\n\n<p>Deze vaagheid in de regelgeving betekent dat spelers <strong>weinig of geen verhaal in geval van een geschil<\/strong>. Het ontbreken van een audit door een onafhankelijke instantie en de geheime identiteit van de eigenaar versterken dit wantrouwen. Dit ondoorzichtige kader maakt het moeilijk om de veiligheid van fondsen en persoonlijke gegevens van gebruikers te beoordelen. De Cura\u00e7aose vergunning biedt weliswaar een minimum aan legitimiteit, maar stelt niet dezelfde strenge eisen als die van Europese toezichthouders zoals de MGA of de UKGC.<\/p>\n\n\n\n<h2 class=\"wp-block-heading\" id=\"experience-utilisateur\">Gebruikerservaring en klantenservice: wat hebben gamers te zeggen?<\/h2>\n\n\n\n<h3 class=\"wp-block-heading\">Een populair ontwerp en platform<\/h3>\n\n\n\n<p>Hugo Bets Casino wordt vaak geprezen om zijn <strong>moderne, elegante interface<\/strong>. Spelers beschrijven het ontwerp als \"vloeiend en moeiteloos\" of \"adembenemend\", met aantrekkelijke graphics en intu\u00eftieve navigatie. Er wordt gezegd dat het platform stabiel en lagvrij is, waardoor spellen snel laden. De mobiele applicatie, beschikbaar op Android en iOS, wordt ook geprezen om zijn reactiesnelheid.<\/p>\n\n\n\n<p>Een gebruiker legt uit: <em>\"Het algehele ontwerp is gewoon wow en geldopnames zijn extreem snel.\"<\/em> Een ander voegt eraan toe: <em>\"De site is schoon, <strong>de bonussen zijn royaal en de betalingen waren snel<\/strong>. \"<\/em><\/p>\n\n\n\n<h3 class=\"wp-block-heading\">Klantenservice: reageert snel, maar kan complexe problemen aan<\/h3>\n\n\n\n<p>De klantenservice van Hugo Bets Casino is 24 uur per dag beschikbaar via chat en e-mail, en wordt vaak beschreven als <em>\"Zeer snel en nuttig.<\/em>. Veel beoordelingen wijzen echter op beperkingen: antwoorden op terugtrekkingsproblemen worden als algemeen beschouwd, waardoor gebruikers terug worden gestuurd naar de e-mail zonder een duidelijke oplossing. Op Trustpilot, <strong>53 % van de meningen is negatief<\/strong>Dit is voornamelijk te wijten aan vertragingen in opnames of onverklaarde sluitingen van rekeningen.<\/p>\n\n\n\n<ul class=\"wp-block-list\">\n<li><strong>Hoogtepunten<\/strong> Net ontwerp, stabiel platform, 24\/7 klantenondersteuning, aantrekkelijke no-wager bonussen.<\/li>\n\n\n\n<li><strong>Zwakke punten<\/strong> Kritieke opnameproblemen, gebrek aan transparantie over de licentie, beperkende opnamelimieten, moeilijk navigeren door de spelbibliotheek.<\/li>\n<\/ul>\n\n\n\n<p>Een speler getuigt: <em>\"De live chat reageert snel. Ik zou het aanbevelen.\"<\/em> Aan de andere kant hekelt een ander : <em>\"Na 10 dagen hebben ze mijn geld gestolen!\"<\/em> Deze contrasten illustreren een klantenservice die in theorie goed presteert, maar te maken heeft met <strong>grote storingen in complexe gevallen<\/strong>.<\/p>\n\n\n\n<h2 class=\"wp-block-heading\" id=\"notre-avis-final-sur-Hugo Bets-casino-faut-il-sinscrire\">Onze laatste mening over Hugo Bets casino: moet je je aanmelden?<\/h2>\n\n\n\n<h3 class=\"wp-block-heading\">Samenvatting: een casino met twee gezichten<\/h3>\n\n\n\n<p><strong>Hugo Bets Casino biedt een visueel aantrekkelijke ervaring<\/strong>met een thema ge\u00efnspireerd door de Griekse mythologie en een ergonomische interface. Spelers profiteren van een breed aanbod aan spellen (slots, live casino, sportweddenschappen en esports), aantrekkelijke bonussen (200% welkomstbonus, gratis spins zonder inzetvereisten volgens sommige bronnen) en een klantvriendelijke klantenservice.<\/p>\n\n\n\n<p>De terugkerende kritiek op Trustpilot (gemiddelde beoordeling van 2,9\/5 met 53% negatieve beoordelingen) brengt echter grote risico's met zich mee: opnametijd (tot 17 dagen), rekeningen die gesloten worden na winst en gebrek aan transparantie over de licentie (Cura\u00e7ao, maar eigenaar niet bekend gemaakt). Deze factoren rangschikken <strong>Hugo Bets Casino als een platform met hoog risico<\/strong>ondanks zijn sterke punten.<\/p>\n\n\n\n<h3 class=\"wp-block-heading\">Het belang van verantwoord gokken<\/h3>\n\n\n\n<p>Voor elk platform, en nog meer voor Hugo Bets Casino, is het aannemen van een <strong>verantwoordelijke aanpak is van vitaal belang<\/strong>. Hier zijn enkele belangrijke aanbevelingen :<\/p>\n\n\n\n<ul class=\"wp-block-list\">\n<li>Stel jezelf <strong>duidelijke stortings- en speeltijdlimieten<\/strong>.<\/li>\n\n\n\n<li>Nooit spelen <strong>geld dat je niet kunt missen<\/strong>.<\/li>\n\n\n\n<li><strong>Wees je bewust van de risico's<\/strong>Vooral op een platform waar de meningen over betalingen zo verdeeld zijn.<\/li>\n\n\n\n<li>Aarzel niet om <strong>om hulp vragen als het spel een probleem wordt<\/strong>.<\/li>\n<\/ul>\n\n\n\n<p>De gulle bonussen en snelle winsten die sommige gebruikers beschrijven, mogen \u00e9\u00e9n realiteit niet verhullen: de veiligheid van fondsen en de betrouwbaarheid van opnames moeten absolute prioriteiten blijven. Kies bij twijfel voor beter gereguleerde alternatieven. Hugo Bets Casino illustreert een geval waar <strong>de lokroep van winst kan minder geruststellende praktijken verbergen<\/strong>.<br>Hugo Bets Casino verleid door <strong>zijn mythologische thema, inzetvrije extra's en gevarieerde spelbibliotheek<\/strong>. Vertragingen in opnames echter, <strong>onzekerheid over de regelgeving en beschuldigingen van oplichting zijn zorgwekkend<\/strong>. Als de interface aangenaam is, <strong>betrouwbaarheid blijft twijfelachtig<\/strong>. Wees voorzichtig, stel strikte grenzen en kies voor <strong>transparante en gereguleerde platforms<\/strong>.<\/p>\n\n\n\n<h2 class=\"wp-block-heading\">FAQ<\/h2>\n\n\n\n<h3 class=\"wp-block-heading\">Welk online casino biedt de beste beloningen?<\/h3>\n\n\n\n<p>Hugo Bets Casino aanbiedingen <strong>aantrekkelijke bonussen, inclusief een welkomstpakket<\/strong> tot \u20ac5.000 en regelmatige promoties zoals gratis spins. Het is echter niet alleen maar plezier en spelletjes, <strong>omstandigheden vari\u00ebren<\/strong> Sommige bronnen vermelden een inzet van 25x, andere een x0 of x1. Ondanks deze voordelen, <strong>de meningen zijn verdeeld<\/strong>. Terwijl sommige gebruikers wijzen op snelle opnames, klaagt een groot aantal dat <strong>grote vertragingen (tot 3 weken)<\/strong> of geweigerde betaling. Betrouwbaarheid blijft daarom een kritisch punt om te beoordelen voordat je een verbintenis aangaat.<\/p>\n\n\n\n<h3 class=\"wp-block-heading\">Wat is het oudste fysieke casino ter wereld?<\/h3>\n\n\n\n<p>Hugo Bets Casino, gelanceerd in 2025, <strong>is niet de oudste<\/strong>. Deze titel gaat meestal naar de <strong>Casino di Venezia (Itali\u00eb, 1638) of Casino de Spa<\/strong> (Belgi\u00eb, 1740). Online casino's, <strong>ontstond in de jaren 1990<\/strong>. Hugo Bets, hoewel recent, valt op door zijn thema ge\u00efnspireerd door de Griekse mythologie, maar zijn jonge leeftijd en de controverses rond de terugtrekkingen beperken zijn historische antiquiteit.<\/p>\n\n\n\n<h3 class=\"wp-block-heading\">Welk spel biedt de beste winkansen in het casino?<\/h3>\n\n\n\n<p>Gokkasten met een hoog uitbetalingspercentage (RTP), zoals \"Goddess Fortune\" of \"Gates of Olympus\". <strong>zijn populair bij Hugo Bets<\/strong>. Spellen met een lage volatiliteit, zoals blackjack of Europees roulette, bieden statistisch gezien de volgende voordelen <strong>meer kansen om te winnen<\/strong>. Maar live casinospellen (roulette of baccarat) <strong>spelers aantrekken ondanks beperkte bijdragen aan de inzetvoorwaarden<\/strong> bonussen. Controleer bij winsten de opnamelimieten (\u20ac1.000\/dag) en eventuele accountblokkades die door bepaalde gebruikers zijn gemeld.<\/p>\n\n\n\n<h3 class=\"wp-block-heading\">Bestaat er een gokautomaat die winst garandeert?<\/h3>\n\n\n\n<p><strong>Geen enkele gokkast garandeert winst<\/strong>De resultaten zijn willekeurig. Hugo Bets Casino biedt spellen met een hoge volatiliteit zoals 'Gates of Olympus', die het volgende bieden <strong>aanzienlijke maar zeldzame winsten<\/strong>. Live spellen of opties met <strong>RTP groter dan 96 %<\/strong> (zoals bepaalde Pragmatic Play-titels) hebben vaak de voorkeur. Spelers moeten echter waakzaam blijven: er zijn vertragingen bij opnames en annuleringen van winsten gemeld, vooral als de identiteitscontrole (KYC) lang duurt of onvolledig is.<\/p>\n\n\n\n<h3 class=\"wp-block-heading\">Welk online kraslotspel wordt jouw favoriet in 2025?<\/h3>\n\n\n\n<p>Instant Win\" online kraslot spelletjes <strong>met een hoge RTP (meer dan 95 %) worden aanbevolen<\/strong>. Bij Hugo Bets bevatten de reguliere bonussen (maandag, woensdag en vrijdag) vaak gratis spins, maar <strong>let op de inzetvoorwaarden (tot 55x)<\/strong>. Spelers moeten spellen kiezen die gecertificeerd zijn als eerlijk en recente recensies controleren, aangezien sommige rapporten melding maken van problemen bij het innen van winsten, zelfs bij kraslotspellen.<\/p>\n\n\n\n<h3 class=\"wp-block-heading\">Betalen online casino's zoals Hugo Bets echt?<\/h3>\n\n\n\n<p><strong>Hugo Bets Casino illustreert de complexiteit<\/strong> over dit onderwerp. Sommige beoordelingen op Trustpilot (beoordeling 4,8\/5) vermelden snelle geldopnames, maar anderen (beoordeling 2,9\/5) <strong>vertragingen van meerdere weken, betalingsweigeringen of gesloten rekeningen melden<\/strong> Na winst. Betaalmethoden zijn onder andere cryptocurrencies en bankkaarten, maar met een limiet van \u20ac1.000\/dag. <strong>kan grote gokkers frustreren<\/strong>. Bij problemen reageert de ondersteuning snel, maar de algemene antwoorden lossen niet altijd geschillen op.<\/p>\n\n\n\n<h3 class=\"wp-block-heading\">Zijn er spelers rijk geworden dankzij Hugo Bets?<\/h3>\n\n\n\n<p>Online getuigenissen vermelden eenmalige winsten op slotmachines of live games, maar <strong>succesverhalen zijn zeldzaam en niet gegarandeerd<\/strong>. Aan de andere kant hebben verschillende gebruikers <strong>negatieve ervaringen<\/strong> Met andere woorden, winsten worden geannuleerd, opnames worden geweigerd na verificatie of accounts worden geblokkeerd zonder uitleg. Een beoordeling van Trustpilot <strong>beschuldigde het casino zelfs van \"geld stelen\".<\/strong>. Achter royale bonussen gaan soms administratieve hordes schuil die het innen bemoeilijken.<\/p>\n\n\n\n<h3 class=\"wp-block-heading\">Wat is het kleinste fysieke casino in Frankrijk?<\/h3>\n\n\n\n<p>Hugo Bets Casino is een <strong>online platform<\/strong> geen fysieke vestiging. In Frankrijk zou het kleinste casino Le Casino de Paris kunnen zijn, maar <strong>het hangt af van de criteria<\/strong> (aantal machines of oppervlakte). Online casino's zoals Hugo Bets zijn aantrekkelijk vanwege hun toegankelijkheid, maar spelers moeten voorzichtig blijven: regulering door Cura\u00e7ao garandeert niet dezelfde bescherming als een strenge Europese licentie, vooral in het geval van een geschil.<\/p>\n\n\n\n<h3 class=\"wp-block-heading\">Wat is het beste online casino in 2025?<\/h3>\n\n\n\n<p>Hugo Bets Casino heeft een elegant ontwerp, <strong>een bibliotheek met 3.000 games en aantrekkelijke no-wager bonussen<\/strong>. De <strong>reputatie is aangetast<\/strong> door beschuldigingen van wanbetaling, een gebrek aan transparantie over de regelgeving (Cura\u00e7ao) en beperkende opnamelimieten. De beste online casino's combineren <strong>Genereuze aanbiedingen, betrouwbare opnames en strenge regelgeving<\/strong> (zoals een Arjel-licentie in Frankrijk). Hugo Bets, ondanks zijn sterke punten, <strong>blijft een riskante keuze<\/strong> voor de grote spelers.<\/p>\n<\/div>","protected":false},"excerpt":{"rendered":"<p>HUGOBETS Casino : bonus de bienvenue 100% jusqu\u2019a 1000\u20ac + 150 FP HugoBets Casino : Casino en ligne avec plus de 9500 machines \u00e0 sous et paris sportifs. Inscrivez-vous pour profiter du bonus de bienvenue S&rsquo;INSCRIRE SE CONNECTER Hugo Bets Casino : Mythologie, Jeux et Avis Partag\u00e9s Hugo Bets Casino, not\u00e9 4,8\/5 sur Trustpilot, s\u00e9duit &#8230; <a title=\"home1\" class=\"read-more\" href=\"https:\/\/hugo-bets.com\/nl\/\" aria-label=\"Lees meer over home1\">Lees meer<\/a><\/p>","protected":false},"author":1,"featured_media":0,"parent":0,"menu_order":0,"comment_status":"closed","ping_status":"closed","template":"","meta":{"footnotes":""},"class_list":["post-58","page","type-page","status-publish"],"_links":{"self":[{"href":"https:\/\/hugo-bets.com\/nl\/wp-json\/wp\/v2\/pages\/58","targetHints":{"allow":["GET"]}}],"collection":[{"href":"https:\/\/hugo-bets.com\/nl\/wp-json\/wp\/v2\/pages"}],"about":[{"href":"https:\/\/hugo-bets.com\/nl\/wp-json\/wp\/v2\/types\/page"}],"author":[{"embeddable":true,"href":"https:\/\/hugo-bets.com\/nl\/wp-json\/wp\/v2\/users\/1"}],"replies":[{"embeddable":true,"href":"https:\/\/hugo-bets.com\/nl\/wp-json\/wp\/v2\/comments?post=58"}],"version-history":[{"count":55,"href":"https:\/\/hugo-bets.com\/nl\/wp-json\/wp\/v2\/pages\/58\/revisions"}],"predecessor-version":[{"id":245,"href":"https:\/\/hugo-bets.com\/nl\/wp-json\/wp\/v2\/pages\/58\/revisions\/245"}],"wp:attachment":[{"href":"https:\/\/hugo-bets.com\/nl\/wp-json\/wp\/v2\/media?parent=58"}],"curies":[{"name":"wp","href":"https:\/\/api.w.org\/{rel}","templated":true}]}}