{"id":58,"date":"2025-10-28T04:39:00","date_gmt":"2025-10-28T04:39:00","guid":{"rendered":"https:\/\/hugo-bets.com\/?page_id=58"},"modified":"2026-03-05T12:56:02","modified_gmt":"2026-03-05T12:56:02","slug":"home1","status":"publish","type":"page","link":"https:\/\/hugo-bets.com\/sl\/","title":{"rendered":"home1"},"content":{"rendered":"<section class=\"gb-element-c0819d6c banner\">\n<div class=\"gb-element-0659d418\">\n<div class=\"wp-block-columns is-layout-flex wp-container-core-columns-is-layout-9d6595d7 wp-block-columns-is-layout-flex\">\n<div class=\"wp-block-column is-layout-flow wp-block-column-is-layout-flow\">\n<h2 class=\"gb-text gb-text-155ce4c1\">HUGOBETS Casino : dobrodo\u0161el bonus 100% do 1000 \u20ac + 150 FP<\/h2>\n\n\n\n<p class=\"has-text-align-center has-base-3-color has-text-color has-link-color wp-elements-ae6b84b977c86294194090ae114811e2\"><strong>HugoBets Casino : Spletna igralnica z ve\u010d kot 9500 igralnimi avtomati in \u0161portnimi stavami. Registrirajte se in izkoristite bonus za dobrodo\u0161lico<\/strong><\/p>\n\n\n\n<div class=\"wp-block-columns is-layout-flex wp-container-core-columns-is-layout-9d6595d7 wp-block-columns-is-layout-flex\">\n<div class=\"wp-block-column is-layout-flow wp-block-column-is-layout-flow\" style=\"flex-basis:20px\"><\/div>\n\n\n\n<div class=\"wp-block-column is-layout-flow wp-block-column-is-layout-flow\">\n<a class=\"gb-text gb-text-50c1af7c\" href=\"\/sl\/play\/\">REGISTER<\/a>\n<\/div>\n\n\n\n<div class=\"wp-block-column is-layout-flow wp-block-column-is-layout-flow\">\n<a class=\"gb-text gb-text-6d7e1e7e\" href=\"\/sl\/play\/\">POVEZOVANJE<\/a>\n<\/div>\n\n\n\n<div class=\"wp-block-column is-layout-flow wp-block-column-is-layout-flow\" style=\"flex-basis:20px\"><\/div>\n<\/div>\n<\/div>\n<\/div>\n<\/div>\n<\/section>\n\n\n\n<div>\n<h2 class=\"wp-block-heading\">Hugo Bets Casino : Mitologija, igre in pregledi<\/h2>\n\n\n\n<p>Igralnica Hugo Bets Casino, ocenjeno 4,8\/5 na Trustpilot, zapeljuje s svojimi bonusi brez stav in obliko, ki jo navdihuje gr\u0161ka mitologija, vendar pregledi razkrivajo zapleteno resni\u010dnost. Med priljubljenimi igrami, kot so \"Vrata Olimpa\", hvaljenimi \u0161portnimi stavami in esporti ter v\u010dasih hitrimi izpla\u010dili uporabniki poro\u010dajo o zamudah do 17 dni, neupravi\u010denih zavrnitvah izpla\u010dil in celo o zaprtju ra\u010duna po izpla\u010dilu dobitkov. Dvomom botrujejo tudi nejasnosti glede njene licence (Cura\u00e7ao? Anjouan?) in omejevalne omejitve izpla\u010dil. Med privla\u010dnim mitom in <strong>sporne prakse<\/strong>Ali bi res morali tvegati v tej igralnici, ki je razdeljena med zapeljevanjem in sumni\u010denjem?<\/p>\n\n\n\n<ol class=\"wp-block-list\">\n<li><a href=\"#bonus-promotions\">Analiza bonusov in promocij: glavna prednost igralnice Hugo Bets?<\/a><\/li>\n\n\n\n<li><a href=\"#une-ludotheque-variee-mais-une-ergonomie-a-revoir\">Raznolika knji\u017enica iger, vendar je treba pregledati ergonomijo.<\/a><\/li>\n\n\n\n<li><a href=\"#fiabilite-paiements-retraits\">Zanesljivost, pla\u010dila in izpla\u010dila: Ahilova peta igralnice Hugo Bets<\/a><\/li>\n\n\n\n<li><a href=\"#experience-utilisateur\">Uporabni\u0161ka izku\u0161nja in storitve za stranke: kaj povedo igralci?<\/a><\/li>\n\n\n\n<li><a href=\"#notre-avis-final-sur-Hugo Bets-casino-faut-il-sinscrire\">Na\u0161e kon\u010dno mnenje o igralnici Hugo Bets: bi se morali prijaviti?<\/a><\/li>\n<\/ol>\n\n\n\n<h2 class=\"wp-block-heading\">Igralnica Hugo Bets: deljeno mnenje med mitom in resni\u010dnostjo<\/h2>\n\n\n\n<p>Spletni casino Hugo Bets navdihuje gr\u0161ko mitolo\u0161ko vesolje, ki utele\u0161a boginjo lepote in po\u017eelenja. Njegova elegantna oblika in teko\u010da navigacija sta zasnovani tako, da o\u010darata francoske igralce. In vendar, <strong>za to privla\u010dno podobo se skriva nasprotna resni\u010dnost.<\/strong>kot je razvidno iz pregledov uporabnikov. Za oceno platforme je potrebna objektivna analiza.<\/p>\n\n\n\n<h3 class=\"wp-block-heading\">Potopitev v gr\u0161ko mitologijo<\/h3>\n\n\n\n<p>Igralnica Hugo Bets Casino \u010drpa navdih iz anti\u010dne Gr\u010dije z grafi\u010dnim vesoljem, povezanim z boginjo Hugo Bets. Stran ponuja sodoben, intuitiven vmesnik za nemoteno brskanje. Na primer, igra \"Hugo Bets's Fortune\" od Fantasma Games igralce popelje v bo\u017eanski vrt in zdru\u017euje mitolo\u0161ke simbole z inovativno mehaniko. Ta pristop je namenjen ljubiteljem tematskih iger na igralnih avtomatih, hkrati pa zatrjuje, da <strong>edinstvena identiteta platforme.<\/strong>.<\/p>\n\n\n\n<h3 class=\"wp-block-heading\">Med mamljivimi obljubami in nasprotujo\u010dimi si mnenji<\/h3>\n\n\n\n<p>Avec une note moyenne de 4,8\/5 sur Trustpilot (144 avis), <a href=\"https:\/\/casinodracula.fr\/\" target=\"_blank\" rel=\"noopener\">Casino Dracula<\/a> attire par ses bonus g\u00e9n\u00e9reux, ses retraits rapides et sa diversit\u00e9 de jeux (machines \u00e0 sous, live casino, paris sportifs, esports). Cependant, de nombreux retours r\u00e9v\u00e8lent des probl\u00e8mes r\u00e9currents : retards de paiement (jusqu&rsquo;\u00e0 3 semaines), fermetures de comptes apr\u00e8s des gains, et manque de transparence. Certains utilisateurs d\u00e9noncent des pratiques contestables, comme l&rsquo;annulation de gains sous pr\u00e9texte de violations des CGU non justifi\u00e9es. Ces critiques soulignent des <strong>dvomi o zanesljivosti Hugo Bets Casino<\/strong>.<\/p>\n\n\n\n<h2 class=\"wp-block-heading\" id=\"bonus-promotions\">Analiza bonusov in promocij: glavna prednost igralnice Hugo Bets?<\/h2>\n\n\n\n<p>Hugo Bets Casino izstopa po svoji <strong>promocijske ponudbe<\/strong>. Son pack de bienvenue, allant jusqu&rsquo;\u00e0 7 000 \u20ac, est r\u00e9parti sur cinq d\u00e9p\u00f4ts avec des bonus de 200 %, 100 %, 100 %, 150 % et 150 %. Des promotions hebdomadaires comme le Medusa Monday (150 %), Wisdom Wednesday (100 %) et Fortune Friday (200 %) attirent r\u00e9guli\u00e8rement les joueurs. Il existe aussi <a href=\"https:\/\/lizaro.net\/\" target=\"_blank\" rel=\"noopener\">Lizaro Casino<\/a> qui est aujourd&rsquo;hui le meilleur casino en ligne.<\/p>\n\n\n\n<h3 class=\"wp-block-heading\" id=\"pack-bienvenue\">Bo\u017eanski paket dobrodo\u0161lice<\/h3>\n\n\n\n<p>Hugo Bets Casino bonus za prvi depozit dose\u017ee 200 % do 500 \u20ac z minimalnim depozitom 20 \u20ac. Pri naslednjih depozitih so bonusi \u0161e vedno velikodu\u0161ni: 100 %, 100 %, 150 % in 150 %, skupaj do 7.000 \u20ac. Po nekaterih virih so ti bonusi <strong>brez pogoja stavljenja (stava x0)<\/strong>Tako je izpla\u010dilo dobitkov enostavno. Drugi pa navajajo zahtevo po stavljenju 25xB, ki je v panogi obi\u010dajna.<\/p>\n\n\n\n<h3 class=\"wp-block-heading\" id=\"promotions-regulieres\">Redne promocije in brezpla\u010dni vrtljaji<\/h3>\n\n\n\n<p>Igralci lahko izkoristijo tedenske promocije: 150 % ob ponedeljkih, 100 % ob sredah in 200 % ob petkih z zgornjo mejo do 2.000 \u20ac. \u010ceprav brezpla\u010dni vrtljaji niso na voljo neposredno, jih lahko osvojite prek loterij ali turnirjev. Te ponudbe so zdru\u017eene z 20 % denarnega povra\u010dila za VIP-osebnosti, <strong>narediti igralnico \u0161e bolj privla\u010dno.<\/strong>.<\/p>\n\n\n\n<h3 class=\"wp-block-heading\" id=\"conditions-bonus\">Pogoji, ki jih ne smete spregledati<\/h3>\n\n\n\n<ul class=\"wp-block-list\">\n<li>Paket dobrodo\u0161lice je <strong>v petih zaporednih skladi\u0161\u010dih.<\/strong>.<\/li>\n\n\n\n<li>Nekatere promocije ponujajo pogoje stavljenja x0, vendar <strong>ve\u010dina zahteva 25xB<\/strong>.<\/li>\n\n\n\n<li><strong>Na voljo so redni bonusi<\/strong> Ob ponedeljkih, sredah in petkih.<\/li>\n\n\n\n<li>Spletna stran <strong>na voljo so brezpla\u010dni ogledi<\/strong> s turnirji ali loterijami.<\/li>\n<\/ul>\n\n\n\n<p>Za privla\u010dnostjo bonusov se skrivajo pogoji. Dnevne (1.000 EUR) in tedenske (2.000 EUR) omejitve lahko omejijo igralce z visokimi vlo\u017eki. Nekatere ocene omenjajo zamude pri izpla\u010dilu ali preklic dobitkov, zato je pomembno, da pred igranjem preberete pogoje in dolo\u010dila. Kljub svojim obljubam igralnica Hugo Bets zahteva <strong>budnost: odgovorno igranje iger na sre\u010do ostaja bistvenega pomena<\/strong> da bi se izognili neprijetnim presene\u010denjem.<\/p>\n\n\n\n<h2 class=\"wp-block-heading\" id=\"une-ludotheque-variee-mais-une-ergonomie-a-revoir\">Raznolika knji\u017enica iger, vendar je treba pregledati ergonomijo.<\/h2>\n\n\n\n<h3 class=\"wp-block-heading\" id=\"une-offre-de-jeux-complete-casino-live-et-paris-sportifs\">Celoten nabor iger: casino, live in \u0161portne stave<\/h3>\n\n\n\n<p>Igralnica Hugo Bets Casino za svojo temo, ki jo navdihuje gr\u0161ka mitologija, ponuja <strong>bogata knji\u017enica iger<\/strong>. Na voljo je ve\u010d kot 3.000 klasi\u010dnih in video igralnih avtomatov, kot sta Goddess Fortune ali Gates of Olympus, pogosto priznanih zalo\u017enikov, kot je Pragmatic Play. Ljubitelji iger v \u017eivo lahko izkoristijo igralnico z delivci v \u017eivo, vklju\u010dno z mizami za ruleto, blackjack in baccarat. Ljubitelji tekmovanj bodo na\u0161li mo\u017enosti \u0161portnih stav na glavne discipline (nogomet, ko\u0161arka, tenis) in esports, kot sta League of Legends ali Dota 2. Ponudbo dopolnjuje dinami\u010den oddelek z igrami crash z naslovi, kot sta Aviator in JetX, ki odra\u017ea ambiciozno platformo za zahtevne igralce.<\/p>\n\n\n\n<h3 class=\"wp-block-heading\" id=\"le-point-noir-une-navigation-perfectible\">Slabost: navigacija, ki jo je mogo\u010de izbolj\u0161ati<\/h3>\n\n\n\n<p>Kljub temu bogastvu izku\u0161njo kazi kritizirana ergonomija. Uporabniki ob\u017ealujejo pomanjkanje naprednih iskalnih filtrov (po ponudniku, volatilnosti ali temi) in jasnih kategorij, kar ote\u017euje iskanje dolo\u010denih iger. V nekaterih pri\u010devanjih na Trustpilotu so omenjene te\u017eave pri iskanju najljub\u0161ih naslovov ali navigaciji med namiznimi igrami in igralnico v \u017eivo. \u010ceprav je na voljo razdelek \"Zbirke\" za zdru\u017eevanje podobnih iger, ne odtehta pomanjkanja intuitivnih orodij. Zaradi te pomanjkljivosti, ki je pogosto poudarjena v ocenah, se obetavna knji\u017enica iger spremeni v frustrirajo\u010d labirint, zlasti za za\u010detnike ali igralce, ki se jim mudi. Izbolj\u0161anje dostopnosti je zato klju\u010dnega pomena za pove\u010danje privla\u010dnosti spletnega mesta.<\/p>\n\n\n\n<h2 class=\"wp-block-heading\" id=\"fiabilite-paiements-retraits\">Zanesljivost, pla\u010dila in izpla\u010dila: Ahilova peta igralnice Hugo Bets<\/h2>\n\n\n\n<h3 class=\"wp-block-heading\">Na\u010dini pla\u010dila in omejitve<\/h3>\n\n\n\n<figure class=\"wp-block-table\"><table class=\"has-fixed-layout\"><tbody><tr><th>Zna\u010dilnosti<\/th><th>Informacije<\/th><th>To\u010dke, ki jih je treba spremljati<\/th><\/tr><tr><td>Najmanj\u0161i depozit<\/td><td>Spremenljivka<\/td><td>Preverite pogoje za vsako metodo<\/td><\/tr><tr><td>Na\u010dini pla\u010dila<\/td><td>Ban\u010dne kartice, e-denarnice, kriptovalute<\/td><td>Razpolo\u017eljivost se lahko razlikuje<\/td><\/tr><tr><td>Omejitve izpla\u010dil<\/td><td>1000 \u20ac\/dan, 2000 \u20ac\/teden<\/td><td>Omejitve, ki veljajo za omejevalne in so v nasprotju z nekaterimi izjavami<\/td><\/tr><tr><td>Licenca<\/td><td>Nasprotujo\u010de si ali manjkajo\u010de informacije (Cura\u00e7ao\/Anjouan\/Neregulirano)<\/td><td>Pomanjkanje preglednosti predpisov<\/td><\/tr><tr><td>Napovedani rok umika<\/td><td>Hitro (nekaj ur)<\/td><td>\u0160tevilna pri\u010devanja uporabnikov temu mo\u010dno nasprotujejo<\/td><\/tr><\/tbody><\/table><\/figure>\n\n\n\n<h3 class=\"wp-block-heading\">Umiki: med hitrostjo in resnimi okvarami<\/h3>\n\n\n\n<p>Povratne informacije o izpla\u010dilih v igralnici Hugo Bets Casino so naslednje <strong>zelo kontrastna<\/strong>. Nekateri uporabniki poro\u010dajo o zelo hitrih izpla\u010dilih, v\u010dasih v manj kot dveh urah, kar potrjuje \u010dase, ki jih je objavila platforma. Zadovoljni igralci poro\u010dajo celo o prenosih, opravljenih v nekaj minutah prek nekaterih e-denarnic.<\/p>\n\n\n\n<p>Vendar se veliko \u0161tevilo igralcev prito\u017euje zaradi <strong>resne te\u017eave z odtegnitvijo.<\/strong>. Redno se poro\u010da o velikih zamudah, tudi do 9 dni ali celo 3 tedne brez jasnega odgovora. Ve\u010d uporabnikov poro\u010da, da so zahtevki za izpla\u010dilo preklicani brez pojasnila ali da so pla\u010dila zavrnjena kljub preverjanju identitete. Pogosto se poro\u010da o primerih preklica dobitkov po vpla\u010dilu in velikih dobitkih, ra\u010duni pa so bili zaprti pod pretvezo kr\u0161itve pogojev poslovanja brez utemeljitve.<\/p>\n\n\n\n<p>Najhuj\u0161e obto\u017ebe so se nana\u0161ale na zaplembo dobitkov pod pretvezo kr\u0161itve splo\u0161nih pogojev brez kakr\u0161ne koli posebne utemeljitve. Nekatere pri\u010de <strong>Hugo Bets Casino neposredno opisujejo kot \"prevaro\" ali \"goljufijo\".<\/strong>opisovanje dvomljivih poslovnih praks. Uporabniki so bili pozvani, naj v zameno za denar izbri\u0161ejo svoje negativne ocene, kar vzbuja dvome o zanesljivosti platforme.<\/p>\n\n\n\n<h3 class=\"wp-block-heading\" id=\"licence-regulation\">Izdajanje dovoljenj in predpisi: zaskrbljujo\u010de pomanjkanje preglednosti<\/h3>\n\n\n\n<p>Eden od glavnih pomislekov glede igralnice Hugo Bets Casino je pomanjkanje preglednosti glede njene ureditve. Nasprotujo\u010da si poro\u010dila ka\u017eejo na morebitno licenco Cura\u00e7ao, vendar ni jasnih dokazov. Nekateri pregledi omenjajo celo neregulirano klonsko igralnico, kar vzbuja \u0161tevilne pomisleke. <strong>resna vpra\u0161anja o njeni zakonitosti.<\/strong>.<\/p>\n\n\n\n<p>Ta regulativna nejasnost pomeni, da imajo igralci <strong>malo ali ni\u010d pravnih sredstev v primeru spora.<\/strong>. To nezaupanje \u0161e pove\u010dujeta odsotnost revizije neodvisne agencije in nerazkrita identiteta lastnika. Zaradi tega nepreglednega okvira je te\u017eko oceniti varnost sredstev in osebnih podatkov uporabnikov. Licenca Cura\u00e7ao sicer zagotavlja minimalno legitimnost, vendar ne postavlja tako strogih zahtev kot evropski regulatorji, kot sta MGA ali UKGC.<\/p>\n\n\n\n<h2 class=\"wp-block-heading\" id=\"experience-utilisateur\">Uporabni\u0161ka izku\u0161nja in storitve za stranke: kaj povedo igralci?<\/h2>\n\n\n\n<h3 class=\"wp-block-heading\">Priljubljena zasnova in platforma<\/h3>\n\n\n\n<p>Hugo Bets Casino je pogosto pohvaljen zaradi svojih <strong>sodoben, eleganten vmesnik<\/strong>. Igralci opisujejo zasnovo kot \"teko\u010do in lahkotno\" ali \"osupljivo\", s privla\u010dno grafiko in intuitivno navigacijo. Platforma naj bi bila stabilna in brez zamikov, zato se igre hitro nalagajo. Tudi mobilna aplikacija, ki je na voljo za operacijska sistema Android in iOS, je pohvaljena zaradi svoje odzivnosti.<\/p>\n\n\n\n<p>Eden od uporabnikov pojasnjuje: <em>\"Celotna zasnova je preprosto vau in izpla\u010dila so izjemno hitra.\"<\/em> Drugi dodaja: <em>\"Spletna stran je \u010dista, <strong>bonusi so velikodu\u0161ni in pla\u010dila so bila hitra<\/strong>. \"<\/em><\/p>\n\n\n\n<h3 class=\"wp-block-heading\">Podpora strankam: odzivna, vendar se ukvarja s kompleksnimi te\u017eavami<\/h3>\n\n\n\n<p>Storitve za stranke Hugo Bets Casino so na voljo 24 ur na dan prek klepeta in e-po\u0161te in so pogosto opisane kot <em>\"zelo hitro in uporabno\".<\/em>. Vendar so v \u0161tevilnih pregledih poudarjene omejitve: odgovori na te\u017eave z umikom so splo\u0161ni, zato se uporabniki brez jasne re\u0161itve vrnejo k e-po\u0161ti. Na Trustpilot, <strong>53 % mnenj je negativnih<\/strong>To je ve\u010dinoma posledica zamud pri izpla\u010dilih ali nepojasnjenih zaprtij ra\u010dunov.<\/p>\n\n\n\n<ul class=\"wp-block-list\">\n<li><strong>Poudarki<\/strong> : Urejen dizajn, stabilna platforma, odzivna podpora strankam 24\/7, privla\u010dni bonusi brez stav.<\/li>\n\n\n\n<li><strong>\u0160ibke to\u010dke<\/strong> Kriti\u010dne te\u017eave z izpla\u010dili, pomanjkanje preglednosti glede licence, omejevalne omejitve izpla\u010dil, te\u017eko krmarjenje po knji\u017enici iger.<\/li>\n<\/ul>\n\n\n\n<p>Igralec pri\u010da: <em>\"Klepet v \u017eivo je odziven. Priporo\u010dam.\"<\/em> Po drugi strani pa drugi obsoja : <em>\"Po 10 dneh so mi ukradli denar!\"<\/em> Ta nasprotja ponazarjajo storitve za stranke, ki so v teoriji dobre, vendar se soo\u010dajo z <strong>ve\u010dje napake v zapletenih primerih.<\/strong>.<\/p>\n\n\n\n<h2 class=\"wp-block-heading\" id=\"notre-avis-final-sur-Hugo Bets-casino-faut-il-sinscrire\">Na\u0161e kon\u010dno mnenje o igralnici Hugo Bets: bi se morali prijaviti?<\/h2>\n\n\n\n<h3 class=\"wp-block-heading\">Povzetek: igralnica z dvema obrazoma<\/h3>\n\n\n\n<p><strong>Hugo Bets Casino ponuja vizualno privla\u010dno izku\u0161njo<\/strong>z motivom, ki ga je navdihnila gr\u0161ka mitologija, in ergonomskim vmesnikom. Igralci imajo na voljo \u0161iroko paleto iger (igralni avtomati, igralnica v \u017eivo, \u0161portne stave in esports), privla\u010dne bonuse (dobrodo\u0161lica 200%, brezpla\u010dni vrtljaji brez zahtev po stavljenju po nekaterih virih) in odzivne storitve za stranke.<\/p>\n\n\n\n<p>Vendar pa ponavljajo\u010de se kritike Trustpilot (povpre\u010dna ocena 2,9\/5 z negativnimi pregledi 53%) povzro\u010dajo velika tveganja: zamude pri izpla\u010dilu (do 17 dni), zaprti ra\u010duni po dobitkih in pomanjkanje preglednosti glede licence (Cura\u00e7ao, vendar lastnik ni razkrit). Ti dejavniki se uvr\u0161\u010dajo <strong>Hugo Bets Casino kot platforma z visokim tveganjem<\/strong>kljub svojim prednostim.<\/p>\n\n\n\n<h3 class=\"wp-block-heading\">Pomen odgovornega igranja iger na sre\u010do<\/h3>\n\n\n\n<p>Za vsako platformo, \u0161e toliko bolj pa za igralnico Hugo Bets Casino, je sprejetje <strong>odgovoren pristop je bistvenega pomena.<\/strong>. Tukaj je nekaj klju\u010dnih priporo\u010dil :<\/p>\n\n\n\n<ul class=\"wp-block-list\">\n<li>Nastavite si <strong>jasne omejitve pologa in igralnega \u010dasa.<\/strong>.<\/li>\n\n\n\n<li>Nikoli ne igrajte <strong>denar, ki si ga ne morete privo\u0161\u010diti izgubiti.<\/strong>.<\/li>\n\n\n\n<li><strong>Zavedajte se tveganj<\/strong>\u0160e posebej na platformi, kjer so mnenja o pla\u010dilih tako deljena.<\/li>\n\n\n\n<li>Ne oklevajte z <strong>prosite za pomo\u010d, \u010de igra postane problemati\u010dna.<\/strong>.<\/li>\n<\/ul>\n\n\n\n<p>Radodarni bonusi in hitri dobitki, ki jih opisujejo nekateri uporabniki, ne bi smeli zakriti ene resni\u010dnosti: varnost sredstev in zanesljivost izpla\u010dil morata ostati absolutni prednostni nalogi. \u010ce ste v dvomih, se odlo\u010dite za bolje regulirane alternative. Igralnica Hugo Bets Casino ponazarja primer, v katerem <strong>za privla\u010dnostjo dobi\u010dka se lahko skrivajo prakse, ki niso ravno varljive.<\/strong>.<br>Hugo Bets Casino zapeljal <strong>z mitolo\u0161ko temo, dodatnimi igrami brez stav in raznoliko knji\u017enico iger.<\/strong>. Vendar pa so zamude pri izpla\u010dilih, <strong>regulativna negotovost in obto\u017ebe o prevarah so razlog za zaskrbljenost.<\/strong>. \u010ce je vmesnik prijeten, <strong>zanesljivost ostaja vpra\u0161ljiva.<\/strong>. previdnost, postavite stroge omejitve in se odlo\u010dite za <strong>pregledne in regulirane platforme.<\/strong>.<\/p>\n\n\n\n<h2 class=\"wp-block-heading\">POGOSTA VPRA\u0160ANJA<\/h2>\n\n\n\n<h3 class=\"wp-block-heading\">Katera spletna igralnica ponuja najbolj\u0161e nagrade?<\/h3>\n\n\n\n<p>Hugo Bets Casino ponudbe <strong>privla\u010dne bonuse, vklju\u010dno s paketom dobrodo\u0161lice.<\/strong> do 5.000 \u20ac in redne promocije, kot so brezpla\u010dni vrtljaji. Vendar pa ni vse samo zabava in igre, <strong>pogoji se razlikujejo.<\/strong> Nekateri viri navajajo stavo 25x, drugi x0 ali x1. Kljub tem prednostim, <strong>mnenja so deljena<\/strong>. Medtem ko nekateri uporabniki opozarjajo na hitre dvige, se jih veliko prito\u017euje, da <strong>dolge zamude (do 3 tedne).<\/strong> ali zavrnil pla\u010dilo. Zanesljivost zato ostaja klju\u010dna to\u010dka, ki jo je treba oceniti, preden se zave\u017eete.<\/p>\n\n\n\n<h3 class=\"wp-block-heading\">Katera je najstarej\u0161a kopenska igralnica na svetu?<\/h3>\n\n\n\n<p>Hugo Bets Casino, za\u010dela v 2025, <strong>ni najstarej\u0161i<\/strong>. Ta naziv obi\u010dajno pripada <strong>Casino di Venezia (Italija, 1638) ali Casino de Spa<\/strong> (Belgija, 1740). Spletne igralnice, <strong>se je pojavila v devetdesetih letih prej\u0161njega stoletja.<\/strong>. Igralnica Hugo Bets, ki je bila ustanovljena pred kratkim, izstopa po svoji temi, ki jo je navdihnila gr\u0161ka mitologija, vendar njena mladost in polemike v zvezi z izpla\u010dili omejujejo njeno zgodovinsko starodavnost.<\/p>\n\n\n\n<h3 class=\"wp-block-heading\">Katera igra ponuja najbolj\u0161e mo\u017enosti za zmago v igralnici?<\/h3>\n\n\n\n<p>Igralni avtomati z visokim razmerjem izpla\u010dil (RTP), kot sta Goddess Fortune ali Gates of Olympus. <strong>so priljubljeni pri Hugo Bets<\/strong>. Igre z nizko stopnjo volatilnosti, kot sta blackjack ali evropska ruleta, imajo statisti\u010dno naslednje prednosti <strong>ve\u010d mo\u017enosti za zmago<\/strong>. Vendar pa so igralni\u0161ke igre v \u017eivo (ruleta ali baccarat) <strong>pritegniti igralce kljub omejenim prispevkom k pogojem stav.<\/strong> bonusi. V primeru dobitkov preverite omejitve izpla\u010dil (1 000 EUR na dan) in morebitne blokade ra\u010dunov, o katerih so poro\u010dali nekateri uporabniki.<\/p>\n\n\n\n<h3 class=\"wp-block-heading\">Ali obstaja igralni avtomat, ki zagotavlja dobitek?<\/h3>\n\n\n\n<p><strong>Noben igralni avtomat ne zagotavlja dobitkov<\/strong>Rezultati so naklju\u010dni. Igralnica Hugo Bets Casino ponuja igre z visoko volatilnostjo, kot so 'Gates of Olympus', ki ponujajo <strong>pomembni, a redki dobi\u010dki.<\/strong>. Igre v \u017eivo ali mo\u017enosti z <strong>RTP ve\u010d kot 96 %<\/strong> (kot so nekateri naslovi Pragmatic Play). Vendar morajo igralci ostati pozorni: poro\u010dali so o zamudah pri izpla\u010dilih in razveljavitvah dobitkov, zlasti kadar je preverjanje identitete (KYC) dolgotrajno ali nepopolno.<\/p>\n\n\n\n<h3 class=\"wp-block-heading\">Katero spletno igro s stri\u017enimi kartami naj izberem leta 2025?<\/h3>\n\n\n\n<p>Spletne igre z nagradnimi karticami \"Instant Win <strong>z visokim RTP (nad 95 %).<\/strong>. Pri Hugo Bets redni bonusi (ob ponedeljkih, sredah in petkih) pogosto vklju\u010dujejo brezpla\u010dne vrtljaje, vendar <strong>pazite na pogoje stavljenja (do 55x)<\/strong>. Igralci naj izberejo igre, ki so certificirane kot po\u0161tene, in preverijo nedavne ocene, saj nekatera poro\u010dila ka\u017eejo na te\u017eave pri izpla\u010dilu dobitkov, tudi pri igrah s strgali.<\/p>\n\n\n\n<h3 class=\"wp-block-heading\">Ali spletne igralnice, kot je Hugo Bets, res pla\u010dujejo?<\/h3>\n\n\n\n<p><strong>Igralnica Hugo Bets Casino ponazarja kompleksnost<\/strong> o tem vpra\u0161anju. Nekateri pregledi na Trustpilotu (ocena 4,8\/5) omenjajo hitra izpla\u010dila, drugi (ocena 2,9\/5) pa <strong>poro\u010dajo o ve\u010dtedenskih zamudah, zavrnitvah pla\u010dil ali zaprtih ra\u010dunih.<\/strong> Po izpla\u010dilu dobitkov. Na\u010dini pla\u010dila vklju\u010dujejo kriptovalute in ban\u010dne kartice, vendar z omejitvijo 1.000 \u20ac\/dan. <strong>lahko razo\u010dara velike igralce<\/strong>. V primeru te\u017eav je podpora odzivna, vendar splo\u0161ni odgovori ne re\u0161ujejo vedno sporov.<\/p>\n\n\n\n<h3 class=\"wp-block-heading\">Ali je kdo od igralcev obogatel s pomo\u010djo stav Hugo?<\/h3>\n\n\n\n<p>Spletna pri\u010devanja govorijo o enkratnih dobitkih na igralnih avtomatih ali igrah v \u017eivo, vendar gre za ve\u010d kot to. <strong>zgodbe o uspehu so redke in niso zagotovljene.<\/strong>. Po drugi strani pa je ve\u010d uporabnikov delilo <strong>negativne izku\u0161nje<\/strong> Z drugimi besedami, razveljavljeni dobitki, zavrnjeni dvigi po preverjanju ali blokirani ra\u010duni brez pojasnila. Pregled storitve Trustpilot <strong>je igralnico celo obto\u017eil, da je \"ukradla denar\".<\/strong>. Velikodu\u0161ne premije v\u010dasih skrivajo upravne ovire, ki ote\u017eujejo izterjavo.<\/p>\n\n\n\n<h3 class=\"wp-block-heading\">Katera je najmanj\u0161a fizi\u010dna igralnica v Franciji?<\/h3>\n\n\n\n<p>Hugo Bets Casino je <strong>spletna platforma<\/strong> ne gre za obrat na kopnem. V Franciji je najmanj\u0161a igralnica lahko Le Casino de Paris, vendar <strong>odvisno od meril.<\/strong> (\u0161tevilo strojev ali povr\u0161ina). Spletne igralnice, kot je Hugo Bets, so privla\u010dne zaradi svoje dostopnosti, vendar morajo igralci ostati previdni: predpisi Cura\u00e7ao ne zagotavljajo enake za\u0161\u010dite kot stroga evropska licenca, zlasti v primeru spora.<\/p>\n\n\n\n<h3 class=\"wp-block-heading\">Katera je najbolj\u0161a spletna igralnica v letu 2025?<\/h3>\n\n\n\n<p>Igralnica Hugo Bets Casino ima eleganten dizajn, <strong>knji\u017enico s 3.000 igrami in privla\u010dnimi bonusi brez stav.<\/strong>. Vendar pa je njegova <strong>ugled je omade\u017eevan.<\/strong> zaradi obto\u017eb o nepla\u010devanju, pomanjkanja preglednosti v zvezi z njeno ureditvijo (Cura\u00e7ao) in omejevalnih omejitev izpla\u010dil. Najbolj\u0161e spletne igralnice zdru\u017eujejo <strong>velikodu\u0161ne ponudbe, zanesljivi dvigi in stroga regulacija<\/strong> (kot licenca Arjel v Franciji). Hugo Bets kljub svojim prednostim, <strong>ostaja tvegana izbira.<\/strong> za velike igralce.<\/p>\n<\/div>","protected":false},"excerpt":{"rendered":"<p>HUGOBETS Casino : bonus de bienvenue 100% jusqu\u2019a 1000\u20ac + 150 FP HugoBets Casino : Casino en ligne avec plus de 9500 machines \u00e0 sous et paris sportifs. Inscrivez-vous pour profiter du bonus de bienvenue S&rsquo;INSCRIRE SE CONNECTER Hugo Bets Casino : Mythologie, Jeux et Avis Partag\u00e9s Hugo Bets Casino, not\u00e9 4,8\/5 sur Trustpilot, s\u00e9duit &#8230; <a title=\"home1\" class=\"read-more\" href=\"https:\/\/hugo-bets.com\/sl\/\" aria-label=\"Read more about home1\">Read more<\/a><\/p>","protected":false},"author":1,"featured_media":0,"parent":0,"menu_order":0,"comment_status":"closed","ping_status":"closed","template":"","meta":{"footnotes":""},"class_list":["post-58","page","type-page","status-publish"],"_links":{"self":[{"href":"https:\/\/hugo-bets.com\/sl\/wp-json\/wp\/v2\/pages\/58","targetHints":{"allow":["GET"]}}],"collection":[{"href":"https:\/\/hugo-bets.com\/sl\/wp-json\/wp\/v2\/pages"}],"about":[{"href":"https:\/\/hugo-bets.com\/sl\/wp-json\/wp\/v2\/types\/page"}],"author":[{"embeddable":true,"href":"https:\/\/hugo-bets.com\/sl\/wp-json\/wp\/v2\/users\/1"}],"replies":[{"embeddable":true,"href":"https:\/\/hugo-bets.com\/sl\/wp-json\/wp\/v2\/comments?post=58"}],"version-history":[{"count":55,"href":"https:\/\/hugo-bets.com\/sl\/wp-json\/wp\/v2\/pages\/58\/revisions"}],"predecessor-version":[{"id":245,"href":"https:\/\/hugo-bets.com\/sl\/wp-json\/wp\/v2\/pages\/58\/revisions\/245"}],"wp:attachment":[{"href":"https:\/\/hugo-bets.com\/sl\/wp-json\/wp\/v2\/media?parent=58"}],"curies":[{"name":"wp","href":"https:\/\/api.w.org\/{rel}","templated":true}]}}